{"id":1036,"date":"2020-06-16T22:30:21","date_gmt":"2020-06-16T22:30:21","guid":{"rendered":"http:\/\/www.iescarlessalvador.es\/?page_id=1036"},"modified":"2020-06-17T22:02:59","modified_gmt":"2020-06-17T22:02:59","slug":"politica-de-cookies-2","status":"publish","type":"page","link":"https:\/\/www.iescarlessalvador.es\/?page_id=1036","title":{"rendered":"Pol\u00edtica de Cookies"},"content":{"rendered":"\n<h2 class=\"wp-block-heading\">POL\u00cdTICA DE COOKIES<\/h2>\n\n\n\n<p>En compliment amb el que es disposa en l&#8217;article 22.2 de la Llei 34\/2002, d&#8217;11 de juliol, de Serveis de la Societat de la Informaci\u00f3 i de Comer\u00e7 Electr\u00f2nic, el Titular t&#8217;informa que aquest lloc web utilitza cookies, aix\u00ed com sobre la seua pol\u00edtica de recollida i el tractament que fa d&#8217;aquestes.<\/p>\n\n\n\n<h2 class=\"wp-block-heading\">QU\u00c8 S\u00d3N LES COOKIES<\/h2>\n\n\n\n<p>Una *cookie \u00e9s un fitxer que es descarrega en el teu ordinador en entrar a determinades p\u00e0gines web. Les cookies permeten a una p\u00e0gina web, entre altres coses, emmagatzemar i recuperar informaci\u00f3 sobre els teus h\u00e0bits de navegaci\u00f3 i \u2014depenent de la informaci\u00f3 que continguen i de la forma en qu\u00e8 utilitzes el teu equip\u2014 poden utilitzar-se per a identificar-te.<\/p>\n\n\n\n<h2 class=\"wp-block-heading\">TIPUS DE COOKIES UTILITZADES<\/h2>\n\n\n\n<p>El lloc web https:\/\/www.iescarlessalvador.es utilitza els seg\u00fcents tipus de cookies:<\/p>\n\n\n\n<p>Cookies t\u00e8cniques: S\u00f3n aquelles tractades pel lloc web que permeten als usuaris registrats navegar a trav\u00e9s de l&#8217;\u00e0rea restringida i a utilitzar les seues diferents funcions, com per exemple, dur a terme el proc\u00e9s de compra d&#8217;un Producte o Servei.<br>Algunes cookies s\u00f3n essencials per al funcionament del lloc web, per exemple, el sistema de comentaris o el cercador.<br>Cookies de personalitzaci\u00f3: S\u00f3n aquelles que permeten als usuaris accedir al Servei amb algunes caracter\u00edstiques de car\u00e0cter general predefinides en funci\u00f3 d&#8217;una s\u00e8rie de criteris establits per l&#8217;usuari com, per exemple, l&#8217;idioma o el tipus de navegador a trav\u00e9s del qual es connecta a aquest lloc web.<\/p>\n\n\n\n<h2 class=\"wp-block-heading\">DESACTIVAR LES COOKIES<\/h2>\n\n\n\n<p>Pots acceptar, bloquejar o eliminar les cookies instal\u00b7lades en el teu equip mitjan\u00e7ant la configuraci\u00f3 de les opcions del navegador.<\/p>\n\n\n\n<p>En els seg\u00fcents enlla\u00e7os trobar\u00e0s instruccions per a habilitar o deshabilitar les cookies en els navegadors m\u00e9s comuns.<\/p>\n\n\n\n<p>Firefox<a href=\" http:\/\/support.mozilla.org\/es\/kb\/habilitar-y-deshabilitar-cookies-que-los-sitios-we\"> http:\/\/support.mozilla.org\/es\/kb\/habilitar-y-deshabilitar-cookies-que-los-sitios-we<\/a><br>Safari <a href=\"http:\/\/support.apple.com\/kb\/ht1677?viewlocale=es_es\">http:\/\/support.apple.com\/kb\/ht1677?viewlocale=es_es<\/a><br>Google Chrome <a href=\"https:\/\/support.google.com\/chrome\/answer\/95647?hl=es\">https:\/\/support.google.com\/chrome\/answer\/95647?hl=es<\/a><\/p>\n\n\n\n<h2 class=\"wp-block-heading\">COOKIES DE TERCERS. ADVERTIMENT SOBRE ELIMINAR COOKIES<\/h2>\n\n\n\n<p>Pots eliminar i bloquejar les cookies d&#8217;aquest lloc web, per\u00f2 part del lloc no funcionar\u00e0 correctament o la seua qualitat pot veure&#8217;s afectada.<\/p>\n","protected":false},"excerpt":{"rendered":"<p>POL\u00cdTICA DE COOKIES En compliment amb el que es disposa en l&#8217;article 22.2 de la Llei 34\/2002, d&#8217;11 de juliol, de Serveis de la Societat de la Informaci\u00f3 i de Comer\u00e7 Electr\u00f2nic, el Titular t&#8217;informa que aquest lloc web utilitza cookies, aix\u00ed com sobre la seua pol\u00edtica de recollida i el tractament que fa d&#8217;aquestes.&hellip;&nbsp;<a href=\"https:\/\/www.iescarlessalvador.es\/?page_id=1036\" class=\"\" rel=\"bookmark\">Leer m\u00e1s &raquo;<span class=\"screen-reader-text\">Pol\u00edtica de Cookies<\/span><\/a><\/p>\n","protected":false},"author":1,"featured_media":0,"parent":0,"menu_order":0,"comment_status":"closed","ping_status":"closed","template":"","meta":{"rop_custom_images_group":[],"rop_custom_messages_group":[],"rop_publish_now":"initial","rop_publish_now_accounts":[],"rop_publish_now_history":[],"rop_publish_now_status":"pending","neve_meta_sidebar":"full-width","neve_meta_container":"","neve_meta_enable_content_width":"on","neve_meta_content_width":100,"neve_meta_title_alignment":"","neve_meta_author_avatar":"","neve_post_elements_order":"","neve_meta_disable_header":"","neve_meta_disable_footer":"","neve_meta_disable_title":"","footnotes":""},"class_list":["post-1036","page","type-page","status-publish","hentry"],"_links":{"self":[{"href":"https:\/\/www.iescarlessalvador.es\/index.php?rest_route=\/wp\/v2\/pages\/1036","targetHints":{"allow":["GET"]}}],"collection":[{"href":"https:\/\/www.iescarlessalvador.es\/index.php?rest_route=\/wp\/v2\/pages"}],"about":[{"href":"https:\/\/www.iescarlessalvador.es\/index.php?rest_route=\/wp\/v2\/types\/page"}],"author":[{"embeddable":true,"href":"https:\/\/www.iescarlessalvador.es\/index.php?rest_route=\/wp\/v2\/users\/1"}],"replies":[{"embeddable":true,"href":"https:\/\/www.iescarlessalvador.es\/index.php?rest_route=%2Fwp%2Fv2%2Fcomments&post=1036"}],"version-history":[{"count":2,"href":"https:\/\/www.iescarlessalvador.es\/index.php?rest_route=\/wp\/v2\/pages\/1036\/revisions"}],"predecessor-version":[{"id":1127,"href":"https:\/\/www.iescarlessalvador.es\/index.php?rest_route=\/wp\/v2\/pages\/1036\/revisions\/1127"}],"wp:attachment":[{"href":"https:\/\/www.iescarlessalvador.es\/index.php?rest_route=%2Fwp%2Fv2%2Fmedia&parent=1036"}],"curies":[{"name":"wp","href":"https:\/\/api.w.org\/{rel}","templated":true}]}}