{"id":1061,"date":"2020-06-17T05:24:45","date_gmt":"2020-06-17T05:24:45","guid":{"rendered":"http:\/\/www.iescarlessalvador.es\/?page_id=1061"},"modified":"2022-10-06T14:59:37","modified_gmt":"2022-10-06T14:59:37","slug":"documentacion-2","status":"publish","type":"page","link":"https:\/\/www.iescarlessalvador.es\/?page_id=1061","title":{"rendered":"Documentaci\u00f3"},"content":{"rendered":"\n<p>Relaci\u00f3 de documents que pot descarregar:<\/p>\n\n\n\n<h5 class=\"wp-block-heading\">MATRICULACI\u00d3<\/h5>\n\n\n\n<ul class=\"wp-block-list\"><li><a href=\"https:\/\/www.iescarlessalvador.es\/wp-content\/uploads\/2020\/07\/PUBLICACION-FOTOGRAFICA_VLL.pdf\">AUTORITZACI\u00d3 FOTOGR\u00c0FICA<\/a><\/li><li><a href=\"https:\/\/www.iescarlessalvador.es\/wp-content\/uploads\/2020\/09\/Sol-licitud_ACCES_WEB_FAMILIA.pdf\">SOL\u00b7LICITUD ACC\u00c9S A WEB FAM\u00cdLIA<\/a><\/li><\/ul>\n\n\n\n<h5 class=\"wp-block-heading\">CONVALIDACIONS       <a href=\"https:\/\/ceice.gva.es\/va\/web\/ordenacion-academica\/secundaria\/normativa\/procedimientos\">(informaci\u00f3 del procediment)<\/a><\/h5>\n\n\n\n<ul class=\"wp-block-list\"><li><a href=\"https:\/\/www.iescarlessalvador.es\/wp-content\/uploads\/2022\/10\/220922_Document-A.pdf\">SOL\u00b7LICITUD DE CONVALIDACI\u00d3 (M\u00daSICA I DANSA) &#8211; ESO<\/a>      &#8211;    <a href=\"https:\/\/www.iescarlessalvador.es\/wp-content\/uploads\/2022\/10\/Document-A_1r-bat.pdf\">1r BATX (M\u00daSICA I DANSA)<\/a>      &#8211;    <a href=\"https:\/\/www.iescarlessalvador.es\/wp-content\/uploads\/2022\/10\/Document-A_2n-bat.pdf\">2n BATX (M\u00daSICA I DANSA)<\/a><\/li><li><a href=\"https:\/\/www.iescarlessalvador.es\/wp-content\/uploads\/2022\/10\/220922_Document-B.pdf\">SOL\u00b7LICITUD DE CONVALIDACI\u00d3 (ESPORTISTA D&#8217;\u00c8LIT)  &#8211; ESO <\/a>    &#8211;      <a href=\"https:\/\/www.iescarlessalvador.es\/wp-content\/uploads\/2022\/10\/Document-B_EF.pdf\">SOL\u00b7LICITUD 1r i 2n BATX (ESPORTISTA D&#8217;\u00c8LIT)<\/a>                      <\/li><\/ul>\n\n\n\n<h5 class=\"wp-block-heading\">asseguran\u00e7a escolar primer i segon d&#8217;eso:<\/h5>\n\n\n\n<ul class=\"wp-block-list\"><li><a href=\"https:\/\/www.iescarlessalvador.es\/wp-content\/uploads\/2022\/07\/PROTOCOL_asseguranca_escolar_1_2_eso.pdf\">INFORMACI\u00d3<\/a><\/li><\/ul>\n\n\n\n<h5 class=\"wp-block-heading\">PROGRAMA \u00abAPRENDEMOS AYUDANDO\u00bb<\/h5>\n\n\n\n<ul class=\"wp-block-list\"><li><a href=\"https:\/\/www.iescarlessalvador.es\/wp-content\/uploads\/2020\/09\/Carta-padres.-Tutor.pdf\">AUTORITZACI\u00d3 ALUMNAT TUTOR (4t ESO i 1r BTC)<\/a><\/li><li><a href=\"https:\/\/www.iescarlessalvador.es\/wp-content\/uploads\/2020\/09\/Carta-para-padres.-Tutorizados.pdf\">AUTORITZACI\u00d3 ALUMNAT TUTORITZAT (1r ESO)<\/a><\/li><\/ul>\n\n\n\n<p><\/p>\n","protected":false},"excerpt":{"rendered":"<p>Relaci\u00f3 de documents que pot descarregar: MATRICULACI\u00d3 AUTORITZACI\u00d3 FOTOGR\u00c0FICA SOL\u00b7LICITUD ACC\u00c9S A WEB FAM\u00cdLIA CONVALIDACIONS (informaci\u00f3 del procediment) SOL\u00b7LICITUD DE CONVALIDACI\u00d3 (M\u00daSICA I DANSA) &#8211; ESO &#8211; 1r BATX (M\u00daSICA I DANSA) &#8211; 2n BATX (M\u00daSICA I DANSA) SOL\u00b7LICITUD DE CONVALIDACI\u00d3 (ESPORTISTA D&#8217;\u00c8LIT) &#8211; ESO &#8211; SOL\u00b7LICITUD 1r i 2n BATX (ESPORTISTA D&#8217;\u00c8LIT) asseguran\u00e7a escolar&hellip;&nbsp;<a href=\"https:\/\/www.iescarlessalvador.es\/?page_id=1061\" class=\"\" rel=\"bookmark\">Leer m\u00e1s &raquo;<span class=\"screen-reader-text\">Documentaci\u00f3<\/span><\/a><\/p>\n","protected":false},"author":1,"featured_media":0,"parent":0,"menu_order":0,"comment_status":"closed","ping_status":"closed","template":"","meta":{"rop_custom_images_group":[],"rop_custom_messages_group":[],"rop_publish_now":"initial","rop_publish_now_accounts":[],"rop_publish_now_history":[],"rop_publish_now_status":"pending","neve_meta_sidebar":"full-width","neve_meta_container":"contained","neve_meta_enable_content_width":"on","neve_meta_content_width":100,"neve_meta_title_alignment":"","neve_meta_author_avatar":"","neve_post_elements_order":"","neve_meta_disable_header":"","neve_meta_disable_footer":"","neve_meta_disable_title":"","footnotes":""},"class_list":["post-1061","page","type-page","status-publish","hentry"],"_links":{"self":[{"href":"https:\/\/www.iescarlessalvador.es\/index.php?rest_route=\/wp\/v2\/pages\/1061","targetHints":{"allow":["GET"]}}],"collection":[{"href":"https:\/\/www.iescarlessalvador.es\/index.php?rest_route=\/wp\/v2\/pages"}],"about":[{"href":"https:\/\/www.iescarlessalvador.es\/index.php?rest_route=\/wp\/v2\/types\/page"}],"author":[{"embeddable":true,"href":"https:\/\/www.iescarlessalvador.es\/index.php?rest_route=\/wp\/v2\/users\/1"}],"replies":[{"embeddable":true,"href":"https:\/\/www.iescarlessalvador.es\/index.php?rest_route=%2Fwp%2Fv2%2Fcomments&post=1061"}],"version-history":[{"count":17,"href":"https:\/\/www.iescarlessalvador.es\/index.php?rest_route=\/wp\/v2\/pages\/1061\/revisions"}],"predecessor-version":[{"id":3198,"href":"https:\/\/www.iescarlessalvador.es\/index.php?rest_route=\/wp\/v2\/pages\/1061\/revisions\/3198"}],"wp:attachment":[{"href":"https:\/\/www.iescarlessalvador.es\/index.php?rest_route=%2Fwp%2Fv2%2Fmedia&parent=1061"}],"curies":[{"name":"wp","href":"https:\/\/api.w.org\/{rel}","templated":true}]}}