{"id":1069,"date":"2020-06-17T05:37:00","date_gmt":"2020-06-17T05:37:00","guid":{"rendered":"http:\/\/www.iescarlessalvador.es\/?page_id=1069"},"modified":"2020-06-17T22:58:03","modified_gmt":"2020-06-17T22:58:03","slug":"etwinning-2","status":"publish","type":"page","link":"https:\/\/www.iescarlessalvador.es\/?page_id=1069","title":{"rendered":"ETWINNING"},"content":{"rendered":"\t\t<div data-elementor-type=\"wp-page\" data-elementor-id=\"1069\" class=\"elementor elementor-1069\">\n\t\t\t\t\t\t<section class=\"elementor-section elementor-top-section elementor-element elementor-element-1deb3fd1 elementor-section-boxed elementor-section-height-default elementor-section-height-default\" data-id=\"1deb3fd1\" data-element_type=\"section\" data-e-type=\"section\">\n\t\t\t\t\t\t<div class=\"elementor-container elementor-column-gap-default\">\n\t\t\t\t\t<div class=\"elementor-column elementor-col-100 elementor-top-column elementor-element elementor-element-111e9c53\" data-id=\"111e9c53\" data-element_type=\"column\" data-e-type=\"column\">\n\t\t\t<div class=\"elementor-widget-wrap elementor-element-populated\">\n\t\t\t\t\t\t<div class=\"elementor-element elementor-element-cfc3f1 elementor-widget elementor-widget-text-editor\" data-id=\"cfc3f1\" data-element_type=\"widget\" data-e-type=\"widget\" data-widget_type=\"text-editor.default\">\n\t\t\t\t<div class=\"elementor-widget-container\">\n\t\t\t\t\t\t\t\t\t<p><\/p>\n<h3 class=\"wp-block-heading\">eTwinning a l&#8217; I.E.S. Carles Salvador<\/h3>\n<p><\/p>\n<p><\/p>\n<p>Qu\u00e8 es eTwinning?<br>eTwinning \u00e9s la comunitat de centres escolars d&#8217;Europa.<\/p>\n<p><\/p>\n<p><\/p>\n<p>Ofereix una plataforma als equips educatius (professors, directors, bibliotecaris, etc.) dels centres escolars d&#8217;un dels pa\u00efsos europeus participants , per a comunicar-se, col\u00b7laborar, desenvolupar projectes o cosa que \u00e9s el mateix, sentir-se i ser part de la comunitat educativa m\u00e9s atractiva d&#8217;Europa.<\/p>\n<p>La iniciativa eTwinning promou la col\u00b7laboraci\u00f3 escolar a Europa utilitzant les tecnologies de la informaci\u00f3 i la comunicaci\u00f3 (TIC) i fa costat als centres escolars prestant-los les eines i els serveis necessaris que faciliten la seua associaci\u00f3 per a treballar en com\u00fa qualsevol tema.<br><\/p>\n<p>El portal eTwinning (<a href=\"http:\/\/www.etwinning.net\" target=\"_blank\">www.etwinning.net<\/a>) \u00e9s el principal punt de trobada i el lloc on treballar junts. Est\u00e0 tradu\u00eft a vint-i-cinc idiomes, compta amb uns 170 000 membres i uns 5324 projectes realitzats entre dos o m\u00e9s centres escolars d&#8217;Europa. El portal proporciona les eines en la xarxa perqu\u00e8 els professors troben socis, posen en marxa projectes, compartisquen idees, intercanvien els seus millors pr\u00e0ctiques i comencen a treballar junts immediatament, servint-se de les diferents eines, fetes a la mesura, a la seua disposici\u00f3 en la plataforma eTwinning.<br><\/p>\n<p><br><\/p>\n<p>eTwinning va n\u00e0ixer en 2005 com la iniciativa m\u00e9s important del Programa d&#8217;aprenentatge&nbsp; elearning de la Comissi\u00f3 Europea i des del 2007 pertany al&nbsp; Programa d&#8217;aprenentatge permanent . El seu Servei central de suport est\u00e0 dirigit per European Schoolnet, una associaci\u00f3 internacional de 33 Ministeris d&#8217;educaci\u00f3 europeus que promouen l&#8217;educaci\u00f3 en els centres escolars, els professors i els alumnes de tota Europa. eTwinning rep tamb\u00e9 assist\u00e8ncia a nivell nacional dels seus 35 Serveis nacionals de suport.<\/p>\n<p><\/p>\t\t\t\t\t\t\t\t<\/div>\n\t\t\t\t<\/div>\n\t\t\t\t\t<\/div>\n\t\t<\/div>\n\t\t\t\t\t<\/div>\n\t\t<\/section>\n\t\t\t\t<\/div>\n\t\t","protected":false},"excerpt":{"rendered":"<p>eTwinning a l&#8217; I.E.S. Carles Salvador Qu\u00e8 es eTwinning?eTwinning \u00e9s la comunitat de centres escolars d&#8217;Europa. Ofereix una plataforma als equips educatius (professors, directors, bibliotecaris, etc.) dels centres escolars d&#8217;un dels pa\u00efsos europeus participants , per a comunicar-se, col\u00b7laborar, desenvolupar projectes o cosa que \u00e9s el mateix, sentir-se i ser part de la comunitat educativa&hellip;&nbsp;<a href=\"https:\/\/www.iescarlessalvador.es\/?page_id=1069\" class=\"\" rel=\"bookmark\">Leer m\u00e1s &raquo;<span class=\"screen-reader-text\">ETWINNING<\/span><\/a><\/p>\n","protected":false},"author":1,"featured_media":0,"parent":0,"menu_order":0,"comment_status":"closed","ping_status":"closed","template":"","meta":{"rop_custom_images_group":[],"rop_custom_messages_group":[],"rop_publish_now":"initial","rop_publish_now_accounts":[],"rop_publish_now_history":[],"rop_publish_now_status":"pending","neve_meta_sidebar":"right","neve_meta_container":"contained","neve_meta_enable_content_width":"off","neve_meta_content_width":100,"neve_meta_title_alignment":"","neve_meta_author_avatar":"","neve_post_elements_order":"","neve_meta_disable_header":"","neve_meta_disable_footer":"","neve_meta_disable_title":"","footnotes":""},"class_list":["post-1069","page","type-page","status-publish","hentry"],"_links":{"self":[{"href":"https:\/\/www.iescarlessalvador.es\/index.php?rest_route=\/wp\/v2\/pages\/1069","targetHints":{"allow":["GET"]}}],"collection":[{"href":"https:\/\/www.iescarlessalvador.es\/index.php?rest_route=\/wp\/v2\/pages"}],"about":[{"href":"https:\/\/www.iescarlessalvador.es\/index.php?rest_route=\/wp\/v2\/types\/page"}],"author":[{"embeddable":true,"href":"https:\/\/www.iescarlessalvador.es\/index.php?rest_route=\/wp\/v2\/users\/1"}],"replies":[{"embeddable":true,"href":"https:\/\/www.iescarlessalvador.es\/index.php?rest_route=%2Fwp%2Fv2%2Fcomments&post=1069"}],"version-history":[{"count":5,"href":"https:\/\/www.iescarlessalvador.es\/index.php?rest_route=\/wp\/v2\/pages\/1069\/revisions"}],"predecessor-version":[{"id":1152,"href":"https:\/\/www.iescarlessalvador.es\/index.php?rest_route=\/wp\/v2\/pages\/1069\/revisions\/1152"}],"wp:attachment":[{"href":"https:\/\/www.iescarlessalvador.es\/index.php?rest_route=%2Fwp%2Fv2%2Fmedia&parent=1069"}],"curies":[{"name":"wp","href":"https:\/\/api.w.org\/{rel}","templated":true}]}}