{"id":1074,"date":"2020-06-17T05:43:38","date_gmt":"2020-06-17T05:43:38","guid":{"rendered":"http:\/\/www.iescarlessalvador.es\/?page_id=1074"},"modified":"2023-06-15T21:51:38","modified_gmt":"2023-06-15T21:51:38","slug":"evaluaciones-2","status":"publish","type":"page","link":"https:\/\/www.iescarlessalvador.es\/?page_id=1074","title":{"rendered":"Avaluacions"},"content":{"rendered":"\n<p class=\"has-text-align-center\"><strong>Calendari d\u2019ex\u00e0mens de 2n de Batxillerat<\/strong><\/p>\n\n\n\n<p class=\"has-text-align-center\"><strong>Avaluaci\u00f3 Extraordin\u00e0ria<\/strong> <\/p>\n\n\n\n<p class=\"has-text-align-center\"><strong>CURS 2022-23<\/strong><\/p>\n\n\n<div class=\"wp-block-image\">\n<figure class=\"aligncenter size-full\"><img fetchpriority=\"high\" decoding=\"async\" width=\"427\" height=\"452\" src=\"https:\/\/www.iescarlessalvador.es\/wp-content\/uploads\/2023\/06\/2batx_01.png\" alt=\"\" class=\"wp-image-4131\" srcset=\"https:\/\/www.iescarlessalvador.es\/wp-content\/uploads\/2023\/06\/2batx_01.png 427w, https:\/\/www.iescarlessalvador.es\/wp-content\/uploads\/2023\/06\/2batx_01-283x300.png 283w\" sizes=\"(max-width: 427px) 100vw, 427px\" \/><\/figure><\/div>\n\n\n<p class=\"has-text-align-center\"><strong>Calendari d&#8217;ex\u00e0mens de FPB i 1r de Batxillerat<\/strong><\/p>\n\n\n\n<p class=\"has-text-align-center\"><strong>Avaluaci\u00f3 Extraordin\u00e0ria<\/strong><\/p>\n\n\n\n<p class=\"has-text-align-center\"><strong>CURS 2022-23<\/strong><\/p>\n\n\n\n<p><strong><strong><u>DILLUNS, 26 DE JUNY<\/u><\/strong><\/strong><\/p>\n\n\n<div class=\"wp-block-image\">\n<figure class=\"aligncenter size-full is-resized\"><img decoding=\"async\" src=\"https:\/\/www.iescarlessalvador.es\/wp-content\/uploads\/2023\/06\/1batx_01.png\" alt=\"\" class=\"wp-image-4132\" width=\"568\" height=\"390\" srcset=\"https:\/\/www.iescarlessalvador.es\/wp-content\/uploads\/2023\/06\/1batx_01.png 488w, https:\/\/www.iescarlessalvador.es\/wp-content\/uploads\/2023\/06\/1batx_01-300x206.png 300w\" sizes=\"(max-width: 568px) 100vw, 568px\" \/><\/figure><\/div>\n\n\n<p><strong><u>DIMARTS, 27 DE JUNY<\/u><\/strong><\/p>\n\n\n<div class=\"wp-block-image\">\n<figure class=\"aligncenter size-full is-resized\"><img decoding=\"async\" src=\"https:\/\/www.iescarlessalvador.es\/wp-content\/uploads\/2023\/06\/1batx_02.png\" alt=\"\" class=\"wp-image-4133\" width=\"581\" height=\"259\" srcset=\"https:\/\/www.iescarlessalvador.es\/wp-content\/uploads\/2023\/06\/1batx_02.png 520w, https:\/\/www.iescarlessalvador.es\/wp-content\/uploads\/2023\/06\/1batx_02-300x134.png 300w\" sizes=\"(max-width: 581px) 100vw, 581px\" \/><\/figure><\/div>\n\n\n<p><\/p>\n\n\n\n<p><\/p>\n","protected":false},"excerpt":{"rendered":"<p>Calendari d\u2019ex\u00e0mens de 2n de Batxillerat Avaluaci\u00f3 Extraordin\u00e0ria CURS 2022-23 Calendari d&#8217;ex\u00e0mens de FPB i 1r de Batxillerat Avaluaci\u00f3 Extraordin\u00e0ria CURS 2022-23 DILLUNS, 26 DE JUNY DIMARTS, 27 DE JUNY<\/p>\n","protected":false},"author":1,"featured_media":0,"parent":0,"menu_order":0,"comment_status":"closed","ping_status":"closed","template":"","meta":{"rop_custom_images_group":[],"rop_custom_messages_group":[],"rop_publish_now":"initial","rop_publish_now_accounts":[],"rop_publish_now_history":[],"rop_publish_now_status":"pending","neve_meta_sidebar":"right","neve_meta_container":"","neve_meta_enable_content_width":"on","neve_meta_content_width":0,"neve_meta_title_alignment":"","neve_meta_author_avatar":"","neve_post_elements_order":"","neve_meta_disable_header":"","neve_meta_disable_footer":"","neve_meta_disable_title":"","footnotes":""},"class_list":["post-1074","page","type-page","status-publish","hentry"],"_links":{"self":[{"href":"https:\/\/www.iescarlessalvador.es\/index.php?rest_route=\/wp\/v2\/pages\/1074","targetHints":{"allow":["GET"]}}],"collection":[{"href":"https:\/\/www.iescarlessalvador.es\/index.php?rest_route=\/wp\/v2\/pages"}],"about":[{"href":"https:\/\/www.iescarlessalvador.es\/index.php?rest_route=\/wp\/v2\/types\/page"}],"author":[{"embeddable":true,"href":"https:\/\/www.iescarlessalvador.es\/index.php?rest_route=\/wp\/v2\/users\/1"}],"replies":[{"embeddable":true,"href":"https:\/\/www.iescarlessalvador.es\/index.php?rest_route=%2Fwp%2Fv2%2Fcomments&post=1074"}],"version-history":[{"count":12,"href":"https:\/\/www.iescarlessalvador.es\/index.php?rest_route=\/wp\/v2\/pages\/1074\/revisions"}],"predecessor-version":[{"id":4177,"href":"https:\/\/www.iescarlessalvador.es\/index.php?rest_route=\/wp\/v2\/pages\/1074\/revisions\/4177"}],"wp:attachment":[{"href":"https:\/\/www.iescarlessalvador.es\/index.php?rest_route=%2Fwp%2Fv2%2Fmedia&parent=1074"}],"curies":[{"name":"wp","href":"https:\/\/api.w.org\/{rel}","templated":true}]}}