{"id":1098,"date":"2020-06-17T13:15:48","date_gmt":"2020-06-17T13:15:48","guid":{"rendered":"http:\/\/www.iescarlessalvador.es\/?page_id=1098"},"modified":"2025-11-10T14:54:08","modified_gmt":"2025-11-10T14:54:08","slug":"criteris-qualificacio","status":"publish","type":"page","link":"https:\/\/www.iescarlessalvador.es\/?page_id=1098","title":{"rendered":"Criteris Qualificaci\u00f3"},"content":{"rendered":"\n<h5 class=\"wp-block-heading\"><strong>Criteris de qualificaci\u00f3 i Promoci\u00f3  &#8211;  Curs 2025\/2026<\/strong><\/h5>\n\n\n\n<p>A l&#8217;enlla\u00e7 seg\u00fcent poden consultar els criteris de qualificaci\u00f3 i de promoci\u00f3 de cadascuna de les \u00e0rees i mat\u00e8ries.<\/p>\n\n\n\n<p><a href=\"https:\/\/gvaedu-my.sharepoint.com\/:f:\/r\/personal\/46020406_edu_gva_es\/Documents\/CRITERIOS%20CALIFICACI%C3%93N?csf=1&amp;web=1&amp;e=2NmShb\">criteris de qualificaci\u00f3<\/a><\/p>\n\n\n\n<p><\/p>\n","protected":false},"excerpt":{"rendered":"<p>Criteris de qualificaci\u00f3 i Promoci\u00f3 &#8211; Curs 2025\/2026 A l&#8217;enlla\u00e7 seg\u00fcent poden consultar els criteris de qualificaci\u00f3 i de promoci\u00f3 de cadascuna de les \u00e0rees i mat\u00e8ries. criteris de qualificaci\u00f3<\/p>\n","protected":false},"author":1,"featured_media":0,"parent":0,"menu_order":0,"comment_status":"closed","ping_status":"closed","template":"","meta":{"rop_custom_images_group":[],"rop_custom_messages_group":[],"rop_publish_now":"initial","rop_publish_now_accounts":[],"rop_publish_now_history":[],"rop_publish_now_status":"pending","neve_meta_sidebar":"full-width","neve_meta_container":"","neve_meta_enable_content_width":"on","neve_meta_content_width":100,"neve_meta_title_alignment":"","neve_meta_author_avatar":"","neve_post_elements_order":"","neve_meta_disable_header":"","neve_meta_disable_footer":"","neve_meta_disable_title":"","footnotes":""},"class_list":["post-1098","page","type-page","status-publish","hentry"],"_links":{"self":[{"href":"https:\/\/www.iescarlessalvador.es\/index.php?rest_route=\/wp\/v2\/pages\/1098","targetHints":{"allow":["GET"]}}],"collection":[{"href":"https:\/\/www.iescarlessalvador.es\/index.php?rest_route=\/wp\/v2\/pages"}],"about":[{"href":"https:\/\/www.iescarlessalvador.es\/index.php?rest_route=\/wp\/v2\/types\/page"}],"author":[{"embeddable":true,"href":"https:\/\/www.iescarlessalvador.es\/index.php?rest_route=\/wp\/v2\/users\/1"}],"replies":[{"embeddable":true,"href":"https:\/\/www.iescarlessalvador.es\/index.php?rest_route=%2Fwp%2Fv2%2Fcomments&post=1098"}],"version-history":[{"count":6,"href":"https:\/\/www.iescarlessalvador.es\/index.php?rest_route=\/wp\/v2\/pages\/1098\/revisions"}],"predecessor-version":[{"id":6217,"href":"https:\/\/www.iescarlessalvador.es\/index.php?rest_route=\/wp\/v2\/pages\/1098\/revisions\/6217"}],"wp:attachment":[{"href":"https:\/\/www.iescarlessalvador.es\/index.php?rest_route=%2Fwp%2Fv2%2Fmedia&parent=1098"}],"curies":[{"name":"wp","href":"https:\/\/api.w.org\/{rel}","templated":true}]}}