{"id":1563,"date":"2020-10-12T07:28:12","date_gmt":"2020-10-12T07:28:12","guid":{"rendered":"http:\/\/www.iescarlessalvador.es\/?page_id=1563"},"modified":"2020-10-12T15:36:35","modified_gmt":"2020-10-12T15:36:35","slug":"salidas","status":"publish","type":"page","link":"https:\/\/www.iescarlessalvador.es\/?page_id=1563&lang=es","title":{"rendered":"Salidas"},"content":{"rendered":"\n<ol class=\"wp-block-list\"><li>En los cursos 3.\u00ba y 4.\u00ba ESO, FPB y Bachillerato, los alumnos pueden salir solos del centro por los siguientes motivos:<\/li><\/ol>\n\n\n\n<ul class=\"wp-block-list\"><li>Enfermedad o Dolencia<\/li><li>Visita al m\u00e9dico, dentista o especialista<\/li><li>Ausencia del profesorado a \u00faltima hora de la ma\u00f1ana<\/li><li>Ex\u00e1menes finales y otras pruebas de aptitud y evaluaci\u00f3n en centros oficiales<\/li><li>Cumplimiento de un deber inexcusable de car\u00e1cter p\u00fablico o personal<\/li><li>Citaci\u00f3n de Conseller\u00eda, o cualquier organismo oficial<\/li><li>Otros: (a explicar por el padre, madre o tutor\/a legal)<\/li><\/ul>\n\n\n\n<p>2. Los tutores dar\u00e1n a vuestros hijos un documento en papel, un \u00fanico documento para todo el curso, para que autoriz\u00e9is este tipo de salidas. El alumno\/a tiene que devolver este documento firmado al tutor\/a del grupo.<\/p>\n\n\n\n<p>El padre, madre o tutor\/a tiene que tener claro que el Centro no se hace responsable de todo aquello que le pueda suceder al alumnado durante el tiempo que est\u00e9 fuera del centro.<\/p>\n\n\n\n<p>Adem\u00e1s del documento anterior, el d\u00eda que el alumno\/a tenga que salir, la familia o tutor\/a legal tendr\u00e1 que informar al centro, enviando un mail a <a href=\"mailto:autoritzacions@iescarlessalvador.es\">autoritzacions@iescarlessalvador.es<\/a>  <\/p>\n\n\n\n<p>con el siguiente formato:<\/p>\n\n\n\n<p><strong>Asunto del mensaje<\/strong>: Grupo y Nombre del alumno<\/p>\n\n\n\n<p>Ejemplo: 3.\u00ba A *Pepito P\u00e9rez Rodr\u00edguez<\/p>\n\n\n\n<p><strong>Texto del mensaje<\/strong> (pod\u00e9is copiarlo de aqu\u00ed, pegarlo en vuestro mail y rellenarlo):<\/p>\n\n\n\n<p>Yo, ____________________________ con DNI _____________________________  pare\/madre\/tutora legal del alumno indicado arriba, del grupo tambi\u00e9n indicado arriba, autorizo su salida del centro escolar IES Carles Salvador a las ___<em>_<\/em> horas del d\u00eda ______ de ___________________<strong><em><strong><em>_<\/em><\/strong><\/em><\/strong> de 202__.<\/p>\n\n\n\n<p>Alegando como causa: _______________________<\/p>\n","protected":false},"excerpt":{"rendered":"<p>En los cursos 3.\u00ba y 4.\u00ba ESO, FPB y Bachillerato, los alumnos pueden salir solos del centro por los siguientes motivos: Enfermedad o Dolencia Visita al m\u00e9dico, dentista o especialista Ausencia del profesorado a \u00faltima hora de la ma\u00f1ana Ex\u00e1menes finales y otras pruebas de aptitud y evaluaci\u00f3n en centros oficiales Cumplimiento de un deber&hellip;&nbsp;<a href=\"https:\/\/www.iescarlessalvador.es\/?page_id=1563&#038;lang=es\" class=\"\" rel=\"bookmark\">Leer m\u00e1s &raquo;<span class=\"screen-reader-text\">Salidas<\/span><\/a><\/p>\n","protected":false},"author":1,"featured_media":0,"parent":0,"menu_order":0,"comment_status":"closed","ping_status":"closed","template":"","meta":{"rop_custom_images_group":[],"rop_custom_messages_group":[],"rop_publish_now":"initial","rop_publish_now_accounts":[],"rop_publish_now_history":[],"rop_publish_now_status":"pending","neve_meta_sidebar":"full-width","neve_meta_container":"","neve_meta_enable_content_width":"on","neve_meta_content_width":100,"neve_meta_title_alignment":"","neve_meta_author_avatar":"","neve_post_elements_order":"","neve_meta_disable_header":"","neve_meta_disable_footer":"","neve_meta_disable_title":"","footnotes":""},"class_list":["post-1563","page","type-page","status-publish","hentry"],"_links":{"self":[{"href":"https:\/\/www.iescarlessalvador.es\/index.php?rest_route=\/wp\/v2\/pages\/1563","targetHints":{"allow":["GET"]}}],"collection":[{"href":"https:\/\/www.iescarlessalvador.es\/index.php?rest_route=\/wp\/v2\/pages"}],"about":[{"href":"https:\/\/www.iescarlessalvador.es\/index.php?rest_route=\/wp\/v2\/types\/page"}],"author":[{"embeddable":true,"href":"https:\/\/www.iescarlessalvador.es\/index.php?rest_route=\/wp\/v2\/users\/1"}],"replies":[{"embeddable":true,"href":"https:\/\/www.iescarlessalvador.es\/index.php?rest_route=%2Fwp%2Fv2%2Fcomments&post=1563"}],"version-history":[{"count":3,"href":"https:\/\/www.iescarlessalvador.es\/index.php?rest_route=\/wp\/v2\/pages\/1563\/revisions"}],"predecessor-version":[{"id":1571,"href":"https:\/\/www.iescarlessalvador.es\/index.php?rest_route=\/wp\/v2\/pages\/1563\/revisions\/1571"}],"wp:attachment":[{"href":"https:\/\/www.iescarlessalvador.es\/index.php?rest_route=%2Fwp%2Fv2%2Fmedia&parent=1563"}],"curies":[{"name":"wp","href":"https:\/\/api.w.org\/{rel}","templated":true}]}}