{"id":1565,"date":"2020-10-12T07:29:22","date_gmt":"2020-10-12T07:29:22","guid":{"rendered":"http:\/\/www.iescarlessalvador.es\/?page_id=1565"},"modified":"2020-10-12T07:29:40","modified_gmt":"2020-10-12T07:29:40","slug":"eixides","status":"publish","type":"page","link":"https:\/\/www.iescarlessalvador.es\/?page_id=1565","title":{"rendered":"EIXIDES"},"content":{"rendered":"\n<p>1. En els cursos 3r i 4rt ESO, FPB i Batxillerat, els alumnes poden eixir a soles per els seg\u00fcents motius:<\/p>\n\n\n\n<p>&#8211; Malaltia<\/p>\n\n\n\n<p>&#8211; Visita al metge, dentista o especialista<\/p>\n\n\n\n<p>&#8211; Abs\u00e8ncia del professorat a \u00faltima hora del mat\u00ed<\/p>\n\n\n\n<p>&#8211; Ex\u00e0mens finals i altres proves d\u2019aptitud i avaluaci\u00f3 en centres oficials<\/p>\n\n\n\n<p>&#8211; Compliment d\u2019un deure inexcusable de car\u00e0cter p\u00fablic o personal<\/p>\n\n\n\n<p>&#8211; Citaci\u00f3 de Conselleria, o qualsevol organisme oficial<\/p>\n\n\n\n<p>&#8211; Altres: (a explicar per el pare, mare o tutor\/a legal)<\/p>\n\n\n\n<p>2. Els tutors donaran als vostres fills un document en paper, un \u00fanic document per a tot el curs, per a que autoritzeu aquest tipus d\u2019eixides. L\u2019alume\/a ha de tornar aquest document signat al seu tutor\/a del grup.<\/p>\n\n\n\n<p>El pare, mare o tutor\/a ha de tindre clar que el Centre no es fa responsable de tot all\u00f2 que li puga succeir a l&#8217;alumnat durant el temps que estiga fora del centre.<\/p>\n\n\n\n<p>3. A m\u00e9s del document anterior, el dia que l&#8217;alumne\/a haja d&#8217;eixir, la fam\u00edlia o tutor\/a legal haur\u00e0 d&#8217;informar al centre, enviant un mail a<\/p>\n\n\n\n<p><a href=\"mailto:autoritzacions@iescarlessalvador.es\">autoritzacions@iescarlessalvador.es<\/a><\/p>\n\n\n\n<p>amb el seg\u00fcent format:<\/p>\n\n\n\n<p><strong>Assumpte del missatge:<\/strong> Grup i Nom de l\u2019alumne<\/p>\n\n\n\n<p>Exemple: 3<sup>r<\/sup> A Pepito P\u00e9rez Rodr\u00edguez<\/p>\n\n\n\n<p><strong>Text del missatge<\/strong> (podeu copiar-lo d\u2019ac\u00ed, pegar-lo en el vostre mail i emplenar-lo):<\/p>\n\n\n\n<p>Jo, ________________________________________ amb DNI ___________<\/p>\n\n\n\n<p>pare\/mare\/tutora legal de l\u2019alumne indicat dalt, del grup tamb\u00e9 indicat dalt, autoritze la seua eixida del centre escolar IES Carles Salvador a les ______ hores del dia _____ de _____________ de 202__.<\/p>\n\n\n\n<p>Al\u00b7legant com a causa: ___________________________________<\/p>\n","protected":false},"excerpt":{"rendered":"<p>1. En els cursos 3r i 4rt ESO, FPB i Batxillerat, els alumnes poden eixir a soles per els seg\u00fcents motius: &#8211; Malaltia &#8211; Visita al metge, dentista o especialista &#8211; Abs\u00e8ncia del professorat a \u00faltima hora del mat\u00ed &#8211; Ex\u00e0mens finals i altres proves d\u2019aptitud i avaluaci\u00f3 en centres oficials &#8211; Compliment d\u2019un deure&hellip;&nbsp;<a href=\"https:\/\/www.iescarlessalvador.es\/?page_id=1565\" class=\"\" rel=\"bookmark\">Leer m\u00e1s &raquo;<span class=\"screen-reader-text\">EIXIDES<\/span><\/a><\/p>\n","protected":false},"author":1,"featured_media":0,"parent":0,"menu_order":0,"comment_status":"closed","ping_status":"closed","template":"","meta":{"rop_custom_images_group":[],"rop_custom_messages_group":[],"rop_publish_now":"initial","rop_publish_now_accounts":[],"rop_publish_now_history":[],"rop_publish_now_status":"pending","neve_meta_sidebar":"full-width","neve_meta_container":"","neve_meta_enable_content_width":"on","neve_meta_content_width":100,"neve_meta_title_alignment":"","neve_meta_author_avatar":"","neve_post_elements_order":"","neve_meta_disable_header":"","neve_meta_disable_footer":"","neve_meta_disable_title":"","footnotes":""},"class_list":["post-1565","page","type-page","status-publish","hentry"],"_links":{"self":[{"href":"https:\/\/www.iescarlessalvador.es\/index.php?rest_route=\/wp\/v2\/pages\/1565","targetHints":{"allow":["GET"]}}],"collection":[{"href":"https:\/\/www.iescarlessalvador.es\/index.php?rest_route=\/wp\/v2\/pages"}],"about":[{"href":"https:\/\/www.iescarlessalvador.es\/index.php?rest_route=\/wp\/v2\/types\/page"}],"author":[{"embeddable":true,"href":"https:\/\/www.iescarlessalvador.es\/index.php?rest_route=\/wp\/v2\/users\/1"}],"replies":[{"embeddable":true,"href":"https:\/\/www.iescarlessalvador.es\/index.php?rest_route=%2Fwp%2Fv2%2Fcomments&post=1565"}],"version-history":[{"count":1,"href":"https:\/\/www.iescarlessalvador.es\/index.php?rest_route=\/wp\/v2\/pages\/1565\/revisions"}],"predecessor-version":[{"id":1566,"href":"https:\/\/www.iescarlessalvador.es\/index.php?rest_route=\/wp\/v2\/pages\/1565\/revisions\/1566"}],"wp:attachment":[{"href":"https:\/\/www.iescarlessalvador.es\/index.php?rest_route=%2Fwp%2Fv2%2Fmedia&parent=1565"}],"curies":[{"name":"wp","href":"https:\/\/api.w.org\/{rel}","templated":true}]}}