{"id":1736,"date":"2021-02-08T18:33:46","date_gmt":"2021-02-08T18:33:46","guid":{"rendered":"http:\/\/www.iescarlessalvador.es\/?page_id=1736"},"modified":"2021-02-08T18:42:27","modified_gmt":"2021-02-08T18:42:27","slug":"solicitud-copia-examenes","status":"publish","type":"page","link":"https:\/\/www.iescarlessalvador.es\/?page_id=1736&lang=es","title":{"rendered":"solicitud copia ex\u00e1menes"},"content":{"rendered":"\n<p>Los padres que quieran fotocopia de los ex\u00e1menes, deben seguir con car\u00e1cter general las siguientes instrucciones:<\/p>\n\n\n\n<p>Pedir el modelo de solicitud en Secretar\u00eda o descargarlo <a href=\"https:\/\/www.iescarlessalvador.es\/wp-content\/uploads\/2021\/02\/instancia_copia_examens_NOSTRA_DEF.pdf\">aqu\u00ed<\/a>. Se entregar\u00e1 una instancia por materia.<\/p>\n\n\n\n<p>Presentarla debidamente cumplimentada y firmada en la Secretar\u00eda del dentro por registro de entrada.<\/p>\n\n\n\n<p>Es recomendable entrevistarse previamente con el profesor\/a de la materia antes de realizar la solicitud, el profesor\/a le informar\u00e1 de los errores cometidos, criterios de calificaci\u00f3n, etc.<\/p>\n\n\n\n<p>Cuando se produzca una solicitud de copias de varias materias al mismo tiempo, es preceptivo realizar una entrevista previa con el tutor y\/o con los profesores\/as implicados.<\/p>\n\n\n\n<p>El solicitante tendr\u00e1 que pagar, si proceden, las tasas establecidas por la Conselleria, por copias de documentos.<\/p>\n\n\n\n<p>Recoger las copias en el plazo de 7 d\u00edas h\u00e1biles, a contar desde el siguiente a la solicitud.<\/p>\n\n\n\n<p>Las copias deben ser recogidas por el firmante de la solicitud o persona autorizada por escrito (seg\u00fan modelo adjunto y colgado en la web del centro).<\/p>\n\n\n\n<p>El profesorado entregar\u00e1 las copias en el plazo de 5 d\u00edas h\u00e1biles, a contar desde el siguiente a la solicitud en la Administraci\u00f3n del centro en un sobre cerrado con su nombre, asignatura o asignaturas, nombre del alumno y n\u00famero de hojas fotocopiadas.<\/p>\n\n\n\n<p><a href=\"https:\/\/www.iescarlessalvador.es\/wp-content\/uploads\/2021\/02\/Protocolo-solicitud-copia-de-examenes_NOSTRE.pdf\">Documento con las instrucciones<\/a><\/p>\n\n\n\n<p><a href=\"https:\/\/www.iescarlessalvador.es\/wp-content\/uploads\/2021\/02\/instancia_copia_examens_NOSTRA_DEF.pdf\">Solicitud<\/a><\/p>\n","protected":false},"excerpt":{"rendered":"<p>Los padres que quieran fotocopia de los ex\u00e1menes, deben seguir con car\u00e1cter general las siguientes instrucciones: Pedir el modelo de solicitud en Secretar\u00eda o descargarlo aqu\u00ed. Se entregar\u00e1 una instancia por materia. Presentarla debidamente cumplimentada y firmada en la Secretar\u00eda del dentro por registro de entrada. Es recomendable entrevistarse previamente con el profesor\/a de la&hellip;&nbsp;<a href=\"https:\/\/www.iescarlessalvador.es\/?page_id=1736&#038;lang=es\" class=\"\" rel=\"bookmark\">Leer m\u00e1s &raquo;<span class=\"screen-reader-text\">solicitud copia ex\u00e1menes<\/span><\/a><\/p>\n","protected":false},"author":1,"featured_media":0,"parent":0,"menu_order":0,"comment_status":"closed","ping_status":"closed","template":"","meta":{"rop_custom_images_group":[],"rop_custom_messages_group":[],"rop_publish_now":"initial","rop_publish_now_accounts":[],"rop_publish_now_history":[],"rop_publish_now_status":"pending","neve_meta_sidebar":"full-width","neve_meta_container":"","neve_meta_enable_content_width":"on","neve_meta_content_width":100,"neve_meta_title_alignment":"","neve_meta_author_avatar":"","neve_post_elements_order":"","neve_meta_disable_header":"","neve_meta_disable_footer":"","neve_meta_disable_title":"","footnotes":""},"class_list":["post-1736","page","type-page","status-publish","hentry"],"_links":{"self":[{"href":"https:\/\/www.iescarlessalvador.es\/index.php?rest_route=\/wp\/v2\/pages\/1736","targetHints":{"allow":["GET"]}}],"collection":[{"href":"https:\/\/www.iescarlessalvador.es\/index.php?rest_route=\/wp\/v2\/pages"}],"about":[{"href":"https:\/\/www.iescarlessalvador.es\/index.php?rest_route=\/wp\/v2\/types\/page"}],"author":[{"embeddable":true,"href":"https:\/\/www.iescarlessalvador.es\/index.php?rest_route=\/wp\/v2\/users\/1"}],"replies":[{"embeddable":true,"href":"https:\/\/www.iescarlessalvador.es\/index.php?rest_route=%2Fwp%2Fv2%2Fcomments&post=1736"}],"version-history":[{"count":2,"href":"https:\/\/www.iescarlessalvador.es\/index.php?rest_route=\/wp\/v2\/pages\/1736\/revisions"}],"predecessor-version":[{"id":1741,"href":"https:\/\/www.iescarlessalvador.es\/index.php?rest_route=\/wp\/v2\/pages\/1736\/revisions\/1741"}],"wp:attachment":[{"href":"https:\/\/www.iescarlessalvador.es\/index.php?rest_route=%2Fwp%2Fv2%2Fmedia&parent=1736"}],"curies":[{"name":"wp","href":"https:\/\/api.w.org\/{rel}","templated":true}]}}