{"id":1742,"date":"2021-02-08T18:42:16","date_gmt":"2021-02-08T18:42:16","guid":{"rendered":"http:\/\/www.iescarlessalvador.es\/?page_id=1742"},"modified":"2021-02-08T18:45:46","modified_gmt":"2021-02-08T18:45:46","slug":"protocol-copia-examens","status":"publish","type":"page","link":"https:\/\/www.iescarlessalvador.es\/?page_id=1742","title":{"rendered":"protocol c\u00f2pia ex\u00e0mens"},"content":{"rendered":"\n<p>Les fam\u00edlies que vulguen una c\u00f2pia, han de seguir amb car\u00e0cter general les seg\u00fcents instruccions:<\/p>\n\n\n\n<p>Demanar el model de sol\u00b7licitud en Administraci\u00f3 o descarregar-lo <a href=\"https:\/\/www.iescarlessalvador.es\/wp-content\/uploads\/2021\/02\/instancia_copia_examens_NOSTRA_DEF.pdf\">ac\u00ed<\/a>. S\u2019entregar\u00e0 una inst\u00e0ncia per mat\u00e8ria.<\/p>\n\n\n\n<p>Presentar-la degudament emplenada i signada en Administraci\u00f3 del centre per registre d\u2019entrada.<\/p>\n\n\n\n<p>Es recomanable entrevistar-se pr\u00e8viament amb el professor\/a de la mat\u00e8ria abans de realitzar la sol\u00b7licitud, el professorat informar\u00e0 de les errades comeses, criteris de qualificaci\u00f3, etc.<\/p>\n\n\n\n<p>Quan es sol\u00b7liciten c\u00f2pies de diferents mat\u00e8ries, es preceptiu una entrevista pr\u00e8via amb el tutor o el professorat implicat.<\/p>\n\n\n\n<p>Els sol\u00b7licitants hauran de pagar, si procedeixen, les taxes establertes per la Conselleria d\u2019Educaci\u00f3, per c\u00f2pies de documents.<\/p>\n\n\n\n<p>Arreplegar les c\u00f2pies en un termini de 7 dies, a comptar des de l\u2019endem\u00e0 de la sol\u00b7licitud.<\/p>\n\n\n\n<p>Les c\u00f2pies seran arreplegades pel firmant de la sol\u00b7licitud o persona autoritzada per escrit (segons model adjunt i penjat al web del centre).<\/p>\n\n\n\n<p>El professorat entregar\u00e0 les c\u00f2pies en un termini de 5 dies h\u00e0bils, a comptar des de l\u2019endem\u00e0 de la sol\u00b7licitud en Administraci\u00f3 del centre, en sobre tancat amb el seu nom, mat\u00e8ria, nom de l\u2019alumne\/a\u00a0 i nombre de fulls fotocopiats.<\/p>\n\n\n\n<p id=\"block-0ab0185c-b2da-4a44-bb31-feb496dba1e2\"><a href=\"https:\/\/www.iescarlessalvador.es\/wp-content\/uploads\/2021\/02\/Protocolo-solicitud-copia-de-examenes_NOSTRE.pdf\">Document amb les instruccions<\/a><\/p>\n\n\n\n<p id=\"block-eee45814-58b9-40f2-a16a-5449fc74131b\"><a href=\"https:\/\/www.iescarlessalvador.es\/wp-content\/uploads\/2021\/02\/instancia_copia_examens_NOSTRA_DEF.pdf\">Sol\u00b7licitud<\/a><\/p>\n","protected":false},"excerpt":{"rendered":"<p>Les fam\u00edlies que vulguen una c\u00f2pia, han de seguir amb car\u00e0cter general les seg\u00fcents instruccions: Demanar el model de sol\u00b7licitud en Administraci\u00f3 o descarregar-lo ac\u00ed. S\u2019entregar\u00e0 una inst\u00e0ncia per mat\u00e8ria. Presentar-la degudament emplenada i signada en Administraci\u00f3 del centre per registre d\u2019entrada. Es recomanable entrevistar-se pr\u00e8viament amb el professor\/a de la mat\u00e8ria abans de realitzar&hellip;&nbsp;<a href=\"https:\/\/www.iescarlessalvador.es\/?page_id=1742\" class=\"\" rel=\"bookmark\">Leer m\u00e1s &raquo;<span class=\"screen-reader-text\">protocol c\u00f2pia ex\u00e0mens<\/span><\/a><\/p>\n","protected":false},"author":1,"featured_media":0,"parent":0,"menu_order":0,"comment_status":"closed","ping_status":"closed","template":"","meta":{"rop_custom_images_group":[],"rop_custom_messages_group":[],"rop_publish_now":"initial","rop_publish_now_accounts":[],"rop_publish_now_history":[],"rop_publish_now_status":"pending","neve_meta_sidebar":"full-width","neve_meta_container":"","neve_meta_enable_content_width":"on","neve_meta_content_width":100,"neve_meta_title_alignment":"","neve_meta_author_avatar":"","neve_post_elements_order":"","neve_meta_disable_header":"","neve_meta_disable_footer":"","neve_meta_disable_title":"","footnotes":""},"class_list":["post-1742","page","type-page","status-publish","hentry"],"_links":{"self":[{"href":"https:\/\/www.iescarlessalvador.es\/index.php?rest_route=\/wp\/v2\/pages\/1742","targetHints":{"allow":["GET"]}}],"collection":[{"href":"https:\/\/www.iescarlessalvador.es\/index.php?rest_route=\/wp\/v2\/pages"}],"about":[{"href":"https:\/\/www.iescarlessalvador.es\/index.php?rest_route=\/wp\/v2\/types\/page"}],"author":[{"embeddable":true,"href":"https:\/\/www.iescarlessalvador.es\/index.php?rest_route=\/wp\/v2\/users\/1"}],"replies":[{"embeddable":true,"href":"https:\/\/www.iescarlessalvador.es\/index.php?rest_route=%2Fwp%2Fv2%2Fcomments&post=1742"}],"version-history":[{"count":1,"href":"https:\/\/www.iescarlessalvador.es\/index.php?rest_route=\/wp\/v2\/pages\/1742\/revisions"}],"predecessor-version":[{"id":1745,"href":"https:\/\/www.iescarlessalvador.es\/index.php?rest_route=\/wp\/v2\/pages\/1742\/revisions\/1745"}],"wp:attachment":[{"href":"https:\/\/www.iescarlessalvador.es\/index.php?rest_route=%2Fwp%2Fv2%2Fmedia&parent=1742"}],"curies":[{"name":"wp","href":"https:\/\/api.w.org\/{rel}","templated":true}]}}