{"id":226,"date":"2020-02-06T22:08:22","date_gmt":"2020-02-06T22:08:22","guid":{"rendered":"http:\/\/www.iescarlessalvador.es\/?page_id=226"},"modified":"2020-06-13T10:08:41","modified_gmt":"2020-06-13T10:08:41","slug":"servicios","status":"publish","type":"page","link":"https:\/\/www.iescarlessalvador.es\/?page_id=226&lang=es","title":{"rendered":"Secretar\u00eda"},"content":{"rendered":"\n<h4 class=\"wp-block-heading\">INFORMACI\u00d3N SOBRE LAS PAU (EvAU) <\/h4>\n\n\n\n<p>Toda la informaci\u00f3n relativa a las pruebas PAU (EvAU) se pueden consultar en los siguientes enlaces:<\/p>\n\n\n\n<p><a href=\"https:\/\/www.iescarlessalvador.es\/?page_id=403\">https:\/\/www.iescarlessalvador.es\/?page_id=403<\/a><\/p>\n\n\n\n<p><a href=\"http:\/\/innova.gva.es\/es\/web\/universidad\/informacion-pau\">http:\/\/innova.gva.es\/es\/web\/universidad\/informacion-pau<\/a><\/p>\n\n\n\n<h4 class=\"wp-block-heading\">INFORMACI\u00d3N SOBRE ADMISI\u00d3N CURSO 2020-21<\/h4>\n\n\n\n<p>Toda la informaci\u00f3n sobre el proceso de admisi\u00f3n se puede consultar en los siguientes enlaces:<\/p>\n\n\n\n<p><a href=\"https:\/\/www.iescarlessalvador.es\/?p=548\">Admisi\u00f3n Curso 2020-21<\/a><\/p>\n\n\n\n<p><\/p>\n\n\n\n<p><\/p>\n","protected":false},"excerpt":{"rendered":"<p>INFORMACI\u00d3N SOBRE LAS PAU (EvAU) Toda la informaci\u00f3n relativa a las pruebas PAU (EvAU) se pueden consultar en los siguientes enlaces: https:\/\/www.iescarlessalvador.es\/?page_id=403 http:\/\/innova.gva.es\/es\/web\/universidad\/informacion-pau INFORMACI\u00d3N SOBRE ADMISI\u00d3N CURSO 2020-21 Toda la informaci\u00f3n sobre el proceso de admisi\u00f3n se puede consultar en los siguientes enlaces: Admisi\u00f3n Curso 2020-21<\/p>\n","protected":false},"author":1,"featured_media":0,"parent":0,"menu_order":0,"comment_status":"closed","ping_status":"closed","template":"","meta":{"rop_custom_images_group":[],"rop_custom_messages_group":[],"rop_publish_now":"initial","rop_publish_now_accounts":[],"rop_publish_now_history":[],"rop_publish_now_status":"pending","neve_meta_sidebar":"full-width","neve_meta_container":"","neve_meta_enable_content_width":"on","neve_meta_content_width":100,"neve_meta_title_alignment":"","neve_meta_author_avatar":"","neve_post_elements_order":"","neve_meta_disable_header":"","neve_meta_disable_footer":"","neve_meta_disable_title":"","footnotes":""},"class_list":["post-226","page","type-page","status-publish","hentry"],"_links":{"self":[{"href":"https:\/\/www.iescarlessalvador.es\/index.php?rest_route=\/wp\/v2\/pages\/226","targetHints":{"allow":["GET"]}}],"collection":[{"href":"https:\/\/www.iescarlessalvador.es\/index.php?rest_route=\/wp\/v2\/pages"}],"about":[{"href":"https:\/\/www.iescarlessalvador.es\/index.php?rest_route=\/wp\/v2\/types\/page"}],"author":[{"embeddable":true,"href":"https:\/\/www.iescarlessalvador.es\/index.php?rest_route=\/wp\/v2\/users\/1"}],"replies":[{"embeddable":true,"href":"https:\/\/www.iescarlessalvador.es\/index.php?rest_route=%2Fwp%2Fv2%2Fcomments&post=226"}],"version-history":[{"count":10,"href":"https:\/\/www.iescarlessalvador.es\/index.php?rest_route=\/wp\/v2\/pages\/226\/revisions"}],"predecessor-version":[{"id":830,"href":"https:\/\/www.iescarlessalvador.es\/index.php?rest_route=\/wp\/v2\/pages\/226\/revisions\/830"}],"wp:attachment":[{"href":"https:\/\/www.iescarlessalvador.es\/index.php?rest_route=%2Fwp%2Fv2%2Fmedia&parent=226"}],"curies":[{"name":"wp","href":"https:\/\/api.w.org\/{rel}","templated":true}]}}