{"id":274,"date":"2020-03-06T00:14:03","date_gmt":"2020-03-06T00:14:03","guid":{"rendered":"http:\/\/www.iescarlessalvador.es\/?page_id=274"},"modified":"2020-06-17T22:00:55","modified_gmt":"2020-06-17T22:00:55","slug":"politica-de-cookies","status":"publish","type":"page","link":"https:\/\/www.iescarlessalvador.es\/?page_id=274&lang=es","title":{"rendered":"Pol\u00edtica de Cookies"},"content":{"rendered":"\n<p>En cumplimiento con lo dispuesto en el art\u00edculo 22.2 de la Ley 34\/2002, de 11 de julio, de Servicios de la Sociedad de la Informaci\u00f3n y de Comercio Electr\u00f3nico, el Titular te informa que este sitio Web utiliza cookies, as\u00ed como sobre su pol\u00edtica de recogida y el tratamiento que hace de las mismas.<\/p>\n\n\n\n<h2 class=\"wp-block-heading\">QU\u00c9 SON LAS COOKIES<\/h2>\n\n\n\n<p>Una cookie es un fichero que se descarga en tu ordenador al entrar a determinadas p\u00e1ginas web. Las cookies permiten a una p\u00e1gina web, entre otras cosas, almacenar y recuperar informaci\u00f3n sobre tus h\u00e1bitos de navegaci\u00f3n y \u2014dependiendo de la informaci\u00f3n que contengan y de la forma en que utilices tu equipo\u2014 pueden utilizarse para identificarte.<\/p>\n\n\n\n<h2 class=\"wp-block-heading\">TIPOS DE COOKIES UTILIZADAS<\/h2>\n\n\n\n<p>El sitio Web&nbsp;<a href=\"https:\/\/www.iescarlessalvador.es\/\">https:\/\/www.iescarlessalvador.es<\/a>&nbsp;utiliza los siguientes tipos de cookies:<\/p>\n\n\n\n<ul class=\"wp-block-list\"><li><strong>Cookies t\u00e9cnicas:<\/strong>&nbsp;Son aquellas tratadas por el sitio Web que permiten a los usuarios registrados navegar a trav\u00e9s del \u00e1rea restringida y a utilizar sus diferentes funciones, como por ejemplo, llevar a cabo el proceso de compra de un Producto o Servicio.<br>Algunas cookies son esenciales para el funcionamiento del sitio Web, por ejemplo, el sistema de comentarios o el buscador.<\/li><li><strong>Cookies de personalizaci\u00f3n:<\/strong>&nbsp;Son aquellas que permiten a los usuarios acceder al Servicio con algunas caracter\u00edsticas de car\u00e1cter general predefinidas en funci\u00f3n de una serie de criterios establecidos por el usuario como, por ejemplo, el idioma o el tipo de navegador a trav\u00e9s del cual se conecta a este sitio Web.<\/li><\/ul>\n\n\n\n<h2 class=\"wp-block-heading\">DESACTIVAR LAS COOKIES<\/h2>\n\n\n\n<p>Puedes aceptar, bloquear o eliminar las cookies instaladas en tu equipo mediante la configuraci\u00f3n de las opciones del navegador.<\/p>\n\n\n\n<p>En los siguientes enlaces encontrar\u00e1s instrucciones para habilitar o deshabilitar las cookies en los navegadores m\u00e1s comunes.<\/p>\n\n\n\n<ul class=\"wp-block-list\"><li><strong>Firefox<\/strong>&nbsp;<a href=\"http:\/\/support.mozilla.org\/es\/kb\/habilitar-y-deshabilitar-cookies-que-los-sitios-we\">http:\/\/support.mozilla.org\/es\/kb\/habilitar-y-deshabilitar-cookies-que-los-sitios-we<\/a><\/li><li><strong>Safari<\/strong>&nbsp;<a href=\"http:\/\/support.apple.com\/kb\/HT1677?viewlocale=es_ES\">http:\/\/support.apple.com\/kb\/HT1677?viewlocale=es_ES<\/a><\/li><li><strong>Google Chrome<\/strong>&nbsp;<a href=\"https:\/\/support.google.com\/chrome\/answer\/95647?hl=es\">https:\/\/support.google.com\/chrome\/answer\/95647?hl=es<\/a><\/li><\/ul>\n\n\n\n<h2 class=\"wp-block-heading\">COOKIES DE TERCEROS<\/h2>\n\n\n\n<h2 class=\"wp-block-heading\">ADVERTENCIA SOBRE ELIMINAR COOKIES<\/h2>\n\n\n\n<p>Puedes eliminar y bloquear las cookies de este sitio Web, pero parte del sitio no funcionar\u00e1 correctamente o su calidad puede verse afectada.<\/p>\n","protected":false},"excerpt":{"rendered":"<p>En cumplimiento con lo dispuesto en el art\u00edculo 22.2 de la Ley 34\/2002, de 11 de julio, de Servicios de la Sociedad de la Informaci\u00f3n y de Comercio Electr\u00f3nico, el Titular te informa que este sitio Web utiliza cookies, as\u00ed como sobre su pol\u00edtica de recogida y el tratamiento que hace de las mismas. QU\u00c9&hellip;&nbsp;<a href=\"https:\/\/www.iescarlessalvador.es\/?page_id=274&#038;lang=es\" class=\"\" rel=\"bookmark\">Leer m\u00e1s &raquo;<span class=\"screen-reader-text\">Pol\u00edtica de Cookies<\/span><\/a><\/p>\n","protected":false},"author":1,"featured_media":0,"parent":0,"menu_order":0,"comment_status":"closed","ping_status":"closed","template":"","meta":{"rop_custom_images_group":[],"rop_custom_messages_group":[],"rop_publish_now":"initial","rop_publish_now_accounts":[],"rop_publish_now_history":[],"rop_publish_now_status":"pending","neve_meta_sidebar":"full-width","neve_meta_container":"","neve_meta_enable_content_width":"on","neve_meta_content_width":100,"neve_meta_title_alignment":"","neve_meta_author_avatar":"","neve_post_elements_order":"","neve_meta_disable_header":"","neve_meta_disable_footer":"","neve_meta_disable_title":"","footnotes":""},"class_list":["post-274","page","type-page","status-publish","hentry"],"_links":{"self":[{"href":"https:\/\/www.iescarlessalvador.es\/index.php?rest_route=\/wp\/v2\/pages\/274","targetHints":{"allow":["GET"]}}],"collection":[{"href":"https:\/\/www.iescarlessalvador.es\/index.php?rest_route=\/wp\/v2\/pages"}],"about":[{"href":"https:\/\/www.iescarlessalvador.es\/index.php?rest_route=\/wp\/v2\/types\/page"}],"author":[{"embeddable":true,"href":"https:\/\/www.iescarlessalvador.es\/index.php?rest_route=\/wp\/v2\/users\/1"}],"replies":[{"embeddable":true,"href":"https:\/\/www.iescarlessalvador.es\/index.php?rest_route=%2Fwp%2Fv2%2Fcomments&post=274"}],"version-history":[{"count":2,"href":"https:\/\/www.iescarlessalvador.es\/index.php?rest_route=\/wp\/v2\/pages\/274\/revisions"}],"predecessor-version":[{"id":1126,"href":"https:\/\/www.iescarlessalvador.es\/index.php?rest_route=\/wp\/v2\/pages\/274\/revisions\/1126"}],"wp:attachment":[{"href":"https:\/\/www.iescarlessalvador.es\/index.php?rest_route=%2Fwp%2Fv2%2Fmedia&parent=274"}],"curies":[{"name":"wp","href":"https:\/\/api.w.org\/{rel}","templated":true}]}}