{"id":2742,"date":"2022-04-17T06:52:55","date_gmt":"2022-04-17T06:52:55","guid":{"rendered":"http:\/\/www.iescarlessalvador.es\/?page_id=2742"},"modified":"2022-04-17T06:57:22","modified_gmt":"2022-04-17T06:57:22","slug":"projectes-dinnovacio","status":"publish","type":"page","link":"https:\/\/www.iescarlessalvador.es\/?page_id=2742","title":{"rendered":"PROJECTES D&#8217;INNOVACI\u00d3"},"content":{"rendered":"\n<p>L&#8217;IES Carles Salvador ha participat en la convocat\u00f2ria de Projectes d&#8217;Investigaci\u00f3 i Innovaci\u00f3 educativa en centres docents sostinguts amb fons p\u00fablics de la Comunitat Valenciana.<\/p>\n\n\n\n<p>S&#8217;han realitzat els seg\u00fcents projectes:<\/p>\n\n\n\n<h5 class=\"wp-block-heading\">           <strong>CURSOS 2019-2021<\/strong><\/h5>\n\n\n\n<p><strong>T\u00cdTOL DEL PROJECTE: \u00abCarles Salvador R\u00e0dio, treballem la inclusi\u00f3 i el multiling\u00fcisme\u00bb<\/strong><\/p>\n\n\n\n<p>Coordinadors del Projecte: Salvador Astruells Moreno (2019-20) i Jos\u00e9 Vicente Garrigues Mateu (2020-21)<\/p>\n\n\n\n<p>MODALITAT: Participaci\u00f3 Individual<\/p>\n\n\n\n<p>Enlla\u00e7 al projecte: <a href=\"https:\/\/radioiescarlesalva.wixsite.com\/misitio\">https:\/\/radioiescarlesalva.wixsite.com\/misitio<\/a><\/p>\n\n\n\n<p><\/p>\n\n\n\n<h5 class=\"wp-block-heading\">           <strong>CURSOS 2021-23<\/strong><\/h5>\n\n\n\n<p><strong>T\u00cdTOL DEL PROJECTE: \u00abImpressi\u00f3 3D: una tecnologia creativa, inclusiva i motivadora.\u00bb<\/strong><\/p>\n\n\n\n<p>Coordinador del Projecte: Jos\u00e9 Vicente Garrigues Mateu (2021-22)<\/p>\n\n\n\n<p>MODALITAT: Participaci\u00f3 Individual<\/p>\n\n\n\n<p>Enlla\u00e7 al projecte:<\/p>\n","protected":false},"excerpt":{"rendered":"<p>L&#8217;IES Carles Salvador ha participat en la convocat\u00f2ria de Projectes d&#8217;Investigaci\u00f3 i Innovaci\u00f3 educativa en centres docents sostinguts amb fons p\u00fablics de la Comunitat Valenciana. S&#8217;han realitzat els seg\u00fcents projectes: CURSOS 2019-2021 T\u00cdTOL DEL PROJECTE: \u00abCarles Salvador R\u00e0dio, treballem la inclusi\u00f3 i el multiling\u00fcisme\u00bb Coordinadors del Projecte: Salvador Astruells Moreno (2019-20) i Jos\u00e9 Vicente Garrigues&hellip;&nbsp;<a href=\"https:\/\/www.iescarlessalvador.es\/?page_id=2742\" class=\"\" rel=\"bookmark\">Leer m\u00e1s &raquo;<span class=\"screen-reader-text\">PROJECTES D&#8217;INNOVACI\u00d3<\/span><\/a><\/p>\n","protected":false},"author":1,"featured_media":0,"parent":0,"menu_order":0,"comment_status":"closed","ping_status":"closed","template":"","meta":{"rop_custom_images_group":[],"rop_custom_messages_group":[],"rop_publish_now":"initial","rop_publish_now_accounts":[],"rop_publish_now_history":[],"rop_publish_now_status":"pending","neve_meta_sidebar":"full-width","neve_meta_container":"","neve_meta_enable_content_width":"on","neve_meta_content_width":100,"neve_meta_title_alignment":"","neve_meta_author_avatar":"","neve_post_elements_order":"","neve_meta_disable_header":"","neve_meta_disable_footer":"","neve_meta_disable_title":"","footnotes":""},"class_list":["post-2742","page","type-page","status-publish","hentry"],"_links":{"self":[{"href":"https:\/\/www.iescarlessalvador.es\/index.php?rest_route=\/wp\/v2\/pages\/2742","targetHints":{"allow":["GET"]}}],"collection":[{"href":"https:\/\/www.iescarlessalvador.es\/index.php?rest_route=\/wp\/v2\/pages"}],"about":[{"href":"https:\/\/www.iescarlessalvador.es\/index.php?rest_route=\/wp\/v2\/types\/page"}],"author":[{"embeddable":true,"href":"https:\/\/www.iescarlessalvador.es\/index.php?rest_route=\/wp\/v2\/users\/1"}],"replies":[{"embeddable":true,"href":"https:\/\/www.iescarlessalvador.es\/index.php?rest_route=%2Fwp%2Fv2%2Fcomments&post=2742"}],"version-history":[{"count":2,"href":"https:\/\/www.iescarlessalvador.es\/index.php?rest_route=\/wp\/v2\/pages\/2742\/revisions"}],"predecessor-version":[{"id":2745,"href":"https:\/\/www.iescarlessalvador.es\/index.php?rest_route=\/wp\/v2\/pages\/2742\/revisions\/2745"}],"wp:attachment":[{"href":"https:\/\/www.iescarlessalvador.es\/index.php?rest_route=%2Fwp%2Fv2%2Fmedia&parent=2742"}],"curies":[{"name":"wp","href":"https:\/\/api.w.org\/{rel}","templated":true}]}}