{"id":345,"date":"2020-05-02T16:35:29","date_gmt":"2020-05-02T16:35:29","guid":{"rendered":"http:\/\/www.iescarlessalvador.es\/?page_id=345"},"modified":"2020-06-06T11:11:07","modified_gmt":"2020-06-06T11:11:07","slug":"ubicacion","status":"publish","type":"page","link":"https:\/\/www.iescarlessalvador.es\/?page_id=345&lang=es","title":{"rendered":"Ubicaci\u00f3n"},"content":{"rendered":"\n<figure class=\"wp-block-image size-large\"><img fetchpriority=\"high\" decoding=\"async\" width=\"1024\" height=\"383\" src=\"https:\/\/www.iescarlessalvador.es\/wp-content\/uploads\/2020\/06\/ies_carles_salvador-1024x383.jpg\" alt=\"\" class=\"wp-image-696\" srcset=\"https:\/\/www.iescarlessalvador.es\/wp-content\/uploads\/2020\/06\/ies_carles_salvador-1024x383.jpg 1024w, https:\/\/www.iescarlessalvador.es\/wp-content\/uploads\/2020\/06\/ies_carles_salvador-300x112.jpg 300w, https:\/\/www.iescarlessalvador.es\/wp-content\/uploads\/2020\/06\/ies_carles_salvador-768x287.jpg 768w, https:\/\/www.iescarlessalvador.es\/wp-content\/uploads\/2020\/06\/ies_carles_salvador-1536x575.jpg 1536w, https:\/\/www.iescarlessalvador.es\/wp-content\/uploads\/2020\/06\/ies_carles_salvador.jpg 1604w\" sizes=\"(max-width: 1024px) 100vw, 1024px\" \/><\/figure>\n\n\n\n<p>El centro est\u00e1 situado en la localidad de Aldaia, cerca del polideportivo municipal y a escasos 5 minutos a pie desde la estaci\u00f3n de RENFE. Si lo deseas, tambi\u00e9n puedes acudir al centro c\u00f3modamente en bicicleta por el carril bici contiguo.<\/p>\n\n\n\n<p><strong>AV. MONESTIR DE POBLET, S\/N. 46960 ALDAIA<\/strong><\/p>\n\n\n\n<iframe src=\"https:\/\/www.google.com\/maps\/embed?pb=!1m18!1m12!1m3!1d3080.3547662295186!2d-0.45745769999999997!3d39.4613134!2m3!1f0!2f0!3f0!3m2!1i1024!2i768!4f13.1!3m3!1m2!1s0xd6050230b49545b%3A0x95c82b01f22fdc83!2sIES%20Carles%20Salvador!5e0!3m2!1ses!2ses!4v1591440996199!5m2!1ses!2ses\" width=\"100%\" height=\"450\" frameborder=\"0\" style=\"border:0;\" allowfullscreen=\"\" aria-hidden=\"false\" tabindex=\"0\"><\/iframe>\n\n\n\n<p><\/p>\n","protected":false},"excerpt":{"rendered":"<p>El centro est\u00e1 situado en la localidad de Aldaia, cerca del polideportivo municipal y a escasos 5 minutos a pie desde la estaci\u00f3n de RENFE. Si lo deseas, tambi\u00e9n puedes acudir al centro c\u00f3modamente en bicicleta por el carril bici contiguo. AV. MONESTIR DE POBLET, S\/N. 46960 ALDAIA<\/p>\n","protected":false},"author":1,"featured_media":0,"parent":0,"menu_order":0,"comment_status":"closed","ping_status":"closed","template":"","meta":{"rop_custom_images_group":[],"rop_custom_messages_group":[],"rop_publish_now":"initial","rop_publish_now_accounts":[],"rop_publish_now_history":[],"rop_publish_now_status":"pending","neve_meta_sidebar":"right","neve_meta_container":"","neve_meta_enable_content_width":"off","neve_meta_content_width":100,"neve_meta_title_alignment":"","neve_meta_author_avatar":"","neve_post_elements_order":"","neve_meta_disable_header":"","neve_meta_disable_footer":"","neve_meta_disable_title":"","footnotes":""},"class_list":["post-345","page","type-page","status-publish","hentry"],"_links":{"self":[{"href":"https:\/\/www.iescarlessalvador.es\/index.php?rest_route=\/wp\/v2\/pages\/345","targetHints":{"allow":["GET"]}}],"collection":[{"href":"https:\/\/www.iescarlessalvador.es\/index.php?rest_route=\/wp\/v2\/pages"}],"about":[{"href":"https:\/\/www.iescarlessalvador.es\/index.php?rest_route=\/wp\/v2\/types\/page"}],"author":[{"embeddable":true,"href":"https:\/\/www.iescarlessalvador.es\/index.php?rest_route=\/wp\/v2\/users\/1"}],"replies":[{"embeddable":true,"href":"https:\/\/www.iescarlessalvador.es\/index.php?rest_route=%2Fwp%2Fv2%2Fcomments&post=345"}],"version-history":[{"count":6,"href":"https:\/\/www.iescarlessalvador.es\/index.php?rest_route=\/wp\/v2\/pages\/345\/revisions"}],"predecessor-version":[{"id":697,"href":"https:\/\/www.iescarlessalvador.es\/index.php?rest_route=\/wp\/v2\/pages\/345\/revisions\/697"}],"wp:attachment":[{"href":"https:\/\/www.iescarlessalvador.es\/index.php?rest_route=%2Fwp%2Fv2%2Fmedia&parent=345"}],"curies":[{"name":"wp","href":"https:\/\/api.w.org\/{rel}","templated":true}]}}