{"id":393,"date":"2025-03-23T15:51:44","date_gmt":"2025-03-23T15:51:44","guid":{"rendered":"http:\/\/www.iescarlessalvador.es\/?page_id=393"},"modified":"2025-03-23T15:58:47","modified_gmt":"2025-03-23T15:58:47","slug":"becas-y-ayudas","status":"publish","type":"page","link":"https:\/\/www.iescarlessalvador.es\/?page_id=393&lang=es","title":{"rendered":"Becas y ayudas"},"content":{"rendered":"\n<p>Becas y ayudas a alumnos de niveles postobligatorios (Bachillerato y Ciclos Formativos) para estudios no universitarios. Curso 2025-26<\/p>\n\n\n\n<p><strong>Plazo de presentaci\u00f3n de solicitudes: <\/strong>del 24 de marzo (08:00 h) hasta el 14 de mayo de 2025 (15.00 h)<\/p>\n\n\n\n<p><strong>Toda la informaci\u00f3n sobre esta convocatoria podr\u00e1s encontrarla en el nuevo <a href=\"https:\/\/www.becaseducacion.gob.es\/portada.html\" target=\"_blank\" rel=\"noreferrer noopener\">Portal de BECAS de EDUCACI\u00d3N<\/a><\/strong><\/p>\n\n\n\n<p><a href=\"https:\/\/www.becaseducacion.gob.es\/becas-y-ayudas\/fp-bachillerato-otros\/tipos-de-becas.html\">https:\/\/www.becaseducacion.gob.es\/becas-y-ayudas\/fp-bachillerato-otros\/tipos-de-becas.html<\/a><\/p>\n\n\n\n<p>V\u00eddeos explicativos: <a href=\"https:\/\/www.becaseducacion.gob.es\/dudas\/videos.html\">https:\/\/www.becaseducacion.gob.es\/dudas\/videos.html<\/a><\/p>\n\n\n\n<figure class=\"wp-block-image size-large\"><img fetchpriority=\"high\" decoding=\"async\" width=\"1024\" height=\"544\" src=\"https:\/\/www.iescarlessalvador.es\/wp-content\/uploads\/2022\/04\/becas_22-23-1024x544.jpg\" alt=\"\" class=\"wp-image-2714\" srcset=\"https:\/\/www.iescarlessalvador.es\/wp-content\/uploads\/2022\/04\/becas_22-23-1024x544.jpg 1024w, https:\/\/www.iescarlessalvador.es\/wp-content\/uploads\/2022\/04\/becas_22-23-300x159.jpg 300w, https:\/\/www.iescarlessalvador.es\/wp-content\/uploads\/2022\/04\/becas_22-23-768x408.jpg 768w, https:\/\/www.iescarlessalvador.es\/wp-content\/uploads\/2022\/04\/becas_22-23.jpg 1280w\" sizes=\"(max-width: 1024px) 100vw, 1024px\" \/><\/figure>\n","protected":false},"excerpt":{"rendered":"<p>Becas y ayudas a alumnos de niveles postobligatorios (Bachillerato y Ciclos Formativos) para estudios no universitarios. Curso 2025-26 Plazo de presentaci\u00f3n de solicitudes: del 24 de marzo (08:00 h) hasta el 14 de mayo de 2025 (15.00 h) Toda la informaci\u00f3n sobre esta convocatoria podr\u00e1s encontrarla en el nuevo Portal de BECAS de EDUCACI\u00d3N https:\/\/www.becaseducacion.gob.es\/becas-y-ayudas\/fp-bachillerato-otros\/tipos-de-becas.html&hellip;&nbsp;<a href=\"https:\/\/www.iescarlessalvador.es\/?page_id=393&#038;lang=es\" class=\"\" rel=\"bookmark\">Leer m\u00e1s &raquo;<span class=\"screen-reader-text\">Becas y ayudas<\/span><\/a><\/p>\n","protected":false},"author":1,"featured_media":0,"parent":0,"menu_order":0,"comment_status":"closed","ping_status":"closed","template":"","meta":{"rop_custom_images_group":[],"rop_custom_messages_group":[],"rop_publish_now":"initial","rop_publish_now_accounts":[],"rop_publish_now_history":[],"rop_publish_now_status":"pending","neve_meta_sidebar":"full-width","neve_meta_container":"","neve_meta_enable_content_width":"on","neve_meta_content_width":100,"neve_meta_title_alignment":"","neve_meta_author_avatar":"","neve_post_elements_order":"","neve_meta_disable_header":"","neve_meta_disable_footer":"","neve_meta_disable_title":"","footnotes":""},"class_list":["post-393","page","type-page","status-publish","hentry"],"_links":{"self":[{"href":"https:\/\/www.iescarlessalvador.es\/index.php?rest_route=\/wp\/v2\/pages\/393","targetHints":{"allow":["GET"]}}],"collection":[{"href":"https:\/\/www.iescarlessalvador.es\/index.php?rest_route=\/wp\/v2\/pages"}],"about":[{"href":"https:\/\/www.iescarlessalvador.es\/index.php?rest_route=\/wp\/v2\/types\/page"}],"author":[{"embeddable":true,"href":"https:\/\/www.iescarlessalvador.es\/index.php?rest_route=\/wp\/v2\/users\/1"}],"replies":[{"embeddable":true,"href":"https:\/\/www.iescarlessalvador.es\/index.php?rest_route=%2Fwp%2Fv2%2Fcomments&post=393"}],"version-history":[{"count":8,"href":"https:\/\/www.iescarlessalvador.es\/index.php?rest_route=\/wp\/v2\/pages\/393\/revisions"}],"predecessor-version":[{"id":5495,"href":"https:\/\/www.iescarlessalvador.es\/index.php?rest_route=\/wp\/v2\/pages\/393\/revisions\/5495"}],"wp:attachment":[{"href":"https:\/\/www.iescarlessalvador.es\/index.php?rest_route=%2Fwp%2Fv2%2Fmedia&parent=393"}],"curies":[{"name":"wp","href":"https:\/\/api.w.org\/{rel}","templated":true}]}}