{"id":419,"date":"2020-05-02T16:51:34","date_gmt":"2020-05-02T16:51:34","guid":{"rendered":"http:\/\/www.iescarlessalvador.es\/?page_id=419"},"modified":"2021-06-24T19:39:53","modified_gmt":"2021-06-24T19:39:53","slug":"jov-embaj-onu","status":"publish","type":"page","link":"https:\/\/www.iescarlessalvador.es\/?page_id=419&lang=es","title":{"rendered":"Jov. Embaj. ONU"},"content":{"rendered":"\n<div class=\"wp-block-image\"><figure class=\"aligncenter size-large is-resized\"><img fetchpriority=\"high\" decoding=\"async\" src=\"https:\/\/www.iescarlessalvador.es\/wp-content\/uploads\/2020\/06\/joves_ods2-1024x768.jpg\" alt=\"\" class=\"wp-image-850\" width=\"512\" height=\"384\" srcset=\"https:\/\/www.iescarlessalvador.es\/wp-content\/uploads\/2020\/06\/joves_ods2-1024x768.jpg 1024w, https:\/\/www.iescarlessalvador.es\/wp-content\/uploads\/2020\/06\/joves_ods2-300x225.jpg 300w, https:\/\/www.iescarlessalvador.es\/wp-content\/uploads\/2020\/06\/joves_ods2-768x576.jpg 768w, https:\/\/www.iescarlessalvador.es\/wp-content\/uploads\/2020\/06\/joves_ods2.jpg 1416w\" sizes=\"(max-width: 512px) 100vw, 512px\" \/><\/figure><\/div>\n\n\n\n<p>El Programa Embajador Junior de los Objetivos de Desarrollo Sostenible (JAP) para el a\u00f1o acad\u00e9mico 2017-2018 nos di\u00f3 la oportunidad de nombrar a 5 de nuestros alumnos como Embajadores representantes.&nbsp; <\/p>\n\n\n\n<p>&nbsp;<br>Mediante este programa se prepararon una serie de actividades relacionadas con los Objetivos de Desarrollo Sostenible de las Naciones Unidas (ODS), auspiciados por el Centro Global de Servicios de las Naciones Unidas (UNGSC) en cooperaci\u00f3n con el Fondo de los Objetivos del Desarrollo Sostenible (SDGF).<\/p>\n\n\n\n<p><br>Los Embajadores Junior seleccionados han llevado a cabo la coordinaci\u00f3n e implementaci\u00f3n de actividades de difusi\u00f3n de los Objetivos de Desarrollo Sostenible en nuestro centro. Estas actividades que estamos realizando est\u00e1n destinadas a promover los buenos h\u00e1bitos para la sostenibilidad del planeta y dar a conocer a todos nuestros alumnos los 17 ODS.<\/p>\n\n\n\n<p>En la Cumbre para el Desarrollo Sostenible (Nueva York, septiembre de 2015) la Asamblea General de la ONU aprob\u00f3 la Agenda 2030 para el desarrollo sostenible, que incluye un conjunto de 17 Objetivos de Desarrollo Sostenible y suponen un llamamiento universal para erradicar la pobreza, proteger el planeta y garantizar que todas las personas disfruten de paz y prosperidad. Cada objetivo tiene metas espec\u00edficas que deben alcanzarse en los pr\u00f3ximos 15 a\u00f1os. Este programa ofrece una oportunidad \u00fanica para que todos los estudiantes de nuestro instituto y educadores (docentes y AMPA) participen activamente con las Naciones Unidas, abordando en el aula asuntos mundiales de actualidad.<\/p>\n\n\n\n<div class=\"wp-block-image\"><figure class=\"aligncenter size-large is-resized\"><img decoding=\"async\" src=\"https:\/\/www.iescarlessalvador.es\/wp-content\/uploads\/2020\/06\/joves_ods3-1024x768.jpg\" alt=\"\" class=\"wp-image-851\" width=\"512\" height=\"384\" srcset=\"https:\/\/www.iescarlessalvador.es\/wp-content\/uploads\/2020\/06\/joves_ods3-1024x768.jpg 1024w, https:\/\/www.iescarlessalvador.es\/wp-content\/uploads\/2020\/06\/joves_ods3-300x225.jpg 300w, https:\/\/www.iescarlessalvador.es\/wp-content\/uploads\/2020\/06\/joves_ods3-768x576.jpg 768w, https:\/\/www.iescarlessalvador.es\/wp-content\/uploads\/2020\/06\/joves_ods3-1536x1152.jpg 1536w, https:\/\/www.iescarlessalvador.es\/wp-content\/uploads\/2020\/06\/joves_ods3.jpg 1600w\" sizes=\"(max-width: 512px) 100vw, 512px\" \/><\/figure><\/div>\n\n\n\n<p>Nuestros J\u00f3venes Embajadores tienen la misi\u00f3n de dar a conocer a todos los alumnos de nuestro centro los 17 ODS. Mediante los proyectos que pretendemos realizar perseguimos transmitir la importancia que \u00e9stos tienen con el fin de conseguir una sociedad sostenible y un mundo m\u00e1s justo que asegure el bienestar y el disfrute&nbsp; por parte de las generaciones futuras.<\/p>\n\n\n\n<div class=\"wp-block-image\"><figure class=\"aligncenter size-large is-resized\"><img decoding=\"async\" src=\"https:\/\/www.iescarlessalvador.es\/wp-content\/uploads\/2020\/06\/joves_ods4-1024x768.jpg\" alt=\"\" class=\"wp-image-852\" width=\"768\" height=\"576\" srcset=\"https:\/\/www.iescarlessalvador.es\/wp-content\/uploads\/2020\/06\/joves_ods4-1024x768.jpg 1024w, https:\/\/www.iescarlessalvador.es\/wp-content\/uploads\/2020\/06\/joves_ods4-300x225.jpg 300w, https:\/\/www.iescarlessalvador.es\/wp-content\/uploads\/2020\/06\/joves_ods4-768x576.jpg 768w, https:\/\/www.iescarlessalvador.es\/wp-content\/uploads\/2020\/06\/joves_ods4-1536x1152.jpg 1536w, https:\/\/www.iescarlessalvador.es\/wp-content\/uploads\/2020\/06\/joves_ods4.jpg 1600w\" sizes=\"(max-width: 768px) 100vw, 768px\" \/><\/figure><\/div>\n\n\n\n<p>De esta manera el programa pretende brindar una oportunidad a nuestros alumnos para &nbsp;generar ideas innovadoras y obtener experiencia pr\u00e1ctica y, al mismo tiempo, influenciar a otros en la comunidad para crear un estilo de vida m\u00e1s solidario y un futuro sostenible. Entre los muchos beneficios del programa para nuestros J\u00f3venes Embajadores cabe destacar el aprendizaje del uso del debate de ideas, mejora del nivel de oratoria y cualidades de negociaci\u00f3n, y ayudar\u00e1 a preparar futuros l\u00edderes, con conciencia social y solidaria.<\/p>\n\n\n\n<div class=\"wp-block-image\"><figure class=\"aligncenter size-large is-resized\"><img loading=\"lazy\" decoding=\"async\" src=\"https:\/\/www.iescarlessalvador.es\/wp-content\/uploads\/2020\/06\/joves_ods5-1024x768.jpg\" alt=\"\" class=\"wp-image-855\" width=\"768\" height=\"576\" srcset=\"https:\/\/www.iescarlessalvador.es\/wp-content\/uploads\/2020\/06\/joves_ods5-1024x768.jpg 1024w, https:\/\/www.iescarlessalvador.es\/wp-content\/uploads\/2020\/06\/joves_ods5-300x225.jpg 300w, https:\/\/www.iescarlessalvador.es\/wp-content\/uploads\/2020\/06\/joves_ods5-768x576.jpg 768w, https:\/\/www.iescarlessalvador.es\/wp-content\/uploads\/2020\/06\/joves_ods5-1536x1152.jpg 1536w, https:\/\/www.iescarlessalvador.es\/wp-content\/uploads\/2020\/06\/joves_ods5.jpg 1600w\" sizes=\"(max-width: 768px) 100vw, 768px\" \/><\/figure><\/div>\n\n\n\n<p>Nuestro centro est\u00e1 convencido de que el cambio que los ODS buscan solo puede conseguirse con la participaci\u00f3n de todos, y por ello nos parece que es muy importante que los estudiantes se involucren, para que estas conductas tengan un impacto positivo que en un futuro ayuden a crear un mundo mejor.<\/p>\n\n\n\n<p><\/p>\n\n\n\n<p>El pasado 29 de mayo, tuvo lugar la celebraci\u00f3n del D\u00eda del Personal de Paz de Naciones Unidas. Dicha celebraci\u00f3n la llevaron a cabo de forma conjunta los centros de comunicaciones de Naciones Unidas de Valencia y de Br\u00edndisi (Italia).<br><br>Este a\u00f1o las Naciones Unidas dedicaron este d\u00eda a las mujeres que trabajan en misiones de paz. De esta forma, los Embajadores de nuestro instituto participaron, junto con embajadores de otros centros que pertenecen al programa J\u00f3venes Embajadores, en la elaboraci\u00f3n de un v\u00eddeo sobre el objetivo n\u00famero cinco, igualdad de g\u00e9nero.<br><br>Dicho v\u00eddeo fue el broche final del evento.&nbsp;<\/p>\n\n\n\n<figure class=\"wp-block-embed is-type-video is-provider-youtube wp-block-embed-youtube wp-embed-aspect-16-9 wp-has-aspect-ratio\"><div class=\"wp-block-embed__wrapper\">\n<div class=\"nv-iframe-embed\"><iframe title=\"J\u00f3venes Embajadores ONU Objetivo PAZ &quot;Mujeres que trabajan en misiones de paz&quot;\" width=\"1200\" height=\"675\" src=\"https:\/\/www.youtube.com\/embed\/VhCttUvj3h0?feature=oembed\" frameborder=\"0\" allow=\"accelerometer; autoplay; clipboard-write; encrypted-media; gyroscope; picture-in-picture\" allowfullscreen><\/iframe><\/div>\n<\/div><\/figure>\n\n\n\n<p class=\"has-text-align-center\"><em>Resumen del programa:<\/em><\/p>\n\n\n\n<p class=\"has-text-align-center\"><strong>Programa J\u00f3venes Embajadores y Embajadoras de los ODS de las Naciones Unidas<\/strong><\/p>\n\n\n\n<p>El Centro de las Naciones Unidas de Tecnolog\u00eda de la informaci\u00f3n y\u00a0de las Comunicaciones en Valencia (UNICTF) nos invit\u00f3 a participar en el Programa Embajador Junior de los Objetivos de Desarrollo Sostenible (JAP) para el a\u00f1o acad\u00e9mico 2017-2018. Este programa nos dio la oportunidad de nombrar, en un principio, a 5 estudiantes como Embajadores\/as representantes, cuya misi\u00f3n es la de dar a conocer a todo el alumnado de nuestro centro los 17 ODS y promover los buenos h\u00e1bitos para la sostenibilidad del planeta.<\/p>\n\n\n\n<p>Este objetivo se est\u00e1 llevando a cabo mediante proyectos que pretenden transmitir la importancia que \u00e9stos tienen, con el fin de conseguir una sociedad sostenible y un mundo m\u00e1s justo que asegure el bienestar y el disfrute&nbsp; por parte de las generaciones futuras.<\/p>\n\n\n\n<p>&nbsp;De esta manera el programa pretende brindar una oportunidad a nuestro alumnado para &nbsp;generar ideas innovadoras y obtener experiencia pr\u00e1ctica y, al mismo tiempo, influenciar a otros en la comunidad para crear un estilo de vida m\u00e1s solidario y un futuro sostenible.&nbsp;<\/p>\n\n\n\n<p>Nuestro centro est\u00e1 convencido de que el cambio que los ODS buscan solo puede conseguirse con la participaci\u00f3n de todos, y por ello nos parece que es muy importante que los estudiantes se involucren, para que estas conductas tengan un impacto positivo que en un futuro ayuden a crear un mundo mejor.<\/p>\n\n\n\n<p>Para el desarrollo de este programa hemos realizado numerosas actividades han sido dise\u00f1adas para explicar y mostrar la importancia de cumplir, si no todos los objetivos, la mayor\u00eda de ellos.<\/p>\n\n\n\n<p class=\"has-text-align-left\">Algunas de ellas son las siguientes:<\/p>\n\n\n\n<p class=\"has-text-align-left\">&#8211; Elaboraci\u00f3n de un v\u00eddeo explicativo, por parte del alumnado embajador, donde describir\u00e1n los distintos objetivos del milenio, as\u00ed como la importancia de cumplirlos, para lograr un cambio positivo en beneficio de las personas y el planeta, (enero).<\/p>\n\n\n\n<p class=\"has-text-align-left\">&#8211; Charlas impartidas por el alumnado embajador sobre los ODS y la agenda 2030. Dichas charlas se han llevado a cabo en nuestro IES y tambi\u00e9n en la base de Naciones Unidas a diferentes colegios e institutos.<\/p>\n\n\n\n<p class=\"has-text-align-left\">&#8211; Trabajo por tutor\u00edas de los 17 Objetivos de Desarrollo Sostenible. Realizaci\u00f3n del logotipos de cada ODS y de murales. De esta forma se han repartido los 17 ODS por grupos, teniendo en cuenta el nivel de dificultad, para el desarrollo de los trabajos por parte de los alumnos.<\/p>\n\n\n\n<p>-Realizaci\u00f3n de una campa\u00f1a de recogida de material escolar y alimentos en el centro, con el fin de ser donados a Cruz Roja, para ser enviados a una zona del mundo necesitada.<\/p>\n\n\n\n<p>&#8211; Plantaci\u00f3n de \u00e1rboles en una zona deforestada. El alumnado de 1\u00ba de ESO , particip\u00f3 en esta actividad encaminada a concienciar sobre la importancia y el respeto al medio ambiente y combatir de manera sostenible al cambio clim\u00e1tico.<\/p>\n\n\n\n<p>&#8211; Proyecto solidario: carrera solidaria virtual y trabajo de investigaci\u00f3n relacionado con los ODS, sobre c\u00f3mo mejorar el mundo con nuestras acciones.<\/p>\n\n\n\n<p><\/p>\n","protected":false},"excerpt":{"rendered":"<p>El Programa Embajador Junior de los Objetivos de Desarrollo Sostenible (JAP) para el a\u00f1o acad\u00e9mico 2017-2018 nos di\u00f3 la oportunidad de nombrar a 5 de nuestros alumnos como Embajadores representantes.&nbsp; &nbsp;Mediante este programa se prepararon una serie de actividades relacionadas con los Objetivos de Desarrollo Sostenible de las Naciones Unidas (ODS), auspiciados por el Centro&hellip;&nbsp;<a href=\"https:\/\/www.iescarlessalvador.es\/?page_id=419&#038;lang=es\" class=\"\" rel=\"bookmark\">Leer m\u00e1s &raquo;<span class=\"screen-reader-text\">Jov. Embaj. ONU<\/span><\/a><\/p>\n","protected":false},"author":1,"featured_media":0,"parent":0,"menu_order":0,"comment_status":"closed","ping_status":"closed","template":"","meta":{"rop_custom_images_group":[],"rop_custom_messages_group":[],"rop_publish_now":"initial","rop_publish_now_accounts":[],"rop_publish_now_history":[],"rop_publish_now_status":"pending","neve_meta_sidebar":"full-width","neve_meta_container":"","neve_meta_enable_content_width":"on","neve_meta_content_width":100,"neve_meta_title_alignment":"","neve_meta_author_avatar":"","neve_post_elements_order":"","neve_meta_disable_header":"","neve_meta_disable_footer":"","neve_meta_disable_title":"","footnotes":""},"class_list":["post-419","page","type-page","status-publish","hentry"],"_links":{"self":[{"href":"https:\/\/www.iescarlessalvador.es\/index.php?rest_route=\/wp\/v2\/pages\/419","targetHints":{"allow":["GET"]}}],"collection":[{"href":"https:\/\/www.iescarlessalvador.es\/index.php?rest_route=\/wp\/v2\/pages"}],"about":[{"href":"https:\/\/www.iescarlessalvador.es\/index.php?rest_route=\/wp\/v2\/types\/page"}],"author":[{"embeddable":true,"href":"https:\/\/www.iescarlessalvador.es\/index.php?rest_route=\/wp\/v2\/users\/1"}],"replies":[{"embeddable":true,"href":"https:\/\/www.iescarlessalvador.es\/index.php?rest_route=%2Fwp%2Fv2%2Fcomments&post=419"}],"version-history":[{"count":12,"href":"https:\/\/www.iescarlessalvador.es\/index.php?rest_route=\/wp\/v2\/pages\/419\/revisions"}],"predecessor-version":[{"id":2044,"href":"https:\/\/www.iescarlessalvador.es\/index.php?rest_route=\/wp\/v2\/pages\/419\/revisions\/2044"}],"wp:attachment":[{"href":"https:\/\/www.iescarlessalvador.es\/index.php?rest_route=%2Fwp%2Fv2%2Fmedia&parent=419"}],"curies":[{"name":"wp","href":"https:\/\/api.w.org\/{rel}","templated":true}]}}