{"id":421,"date":"2020-05-02T16:51:49","date_gmt":"2020-05-02T16:51:49","guid":{"rendered":"http:\/\/www.iescarlessalvador.es\/?page_id=421"},"modified":"2020-06-17T22:58:25","modified_gmt":"2020-06-17T22:58:25","slug":"etwinning","status":"publish","type":"page","link":"https:\/\/www.iescarlessalvador.es\/?page_id=421&lang=es","title":{"rendered":"ETWINNING"},"content":{"rendered":"\t\t<div data-elementor-type=\"wp-page\" data-elementor-id=\"421\" class=\"elementor elementor-421\">\n\t\t\t\t\t\t<section class=\"elementor-section elementor-top-section elementor-element elementor-element-1deb3fd1 elementor-section-boxed elementor-section-height-default elementor-section-height-default\" data-id=\"1deb3fd1\" data-element_type=\"section\" data-e-type=\"section\">\n\t\t\t\t\t\t<div class=\"elementor-container elementor-column-gap-default\">\n\t\t\t\t\t<div class=\"elementor-column elementor-col-100 elementor-top-column elementor-element elementor-element-111e9c53\" data-id=\"111e9c53\" data-element_type=\"column\" data-e-type=\"column\">\n\t\t\t<div class=\"elementor-widget-wrap elementor-element-populated\">\n\t\t\t\t\t\t<div class=\"elementor-element elementor-element-cfc3f1 elementor-widget elementor-widget-text-editor\" data-id=\"cfc3f1\" data-element_type=\"widget\" data-e-type=\"widget\" data-widget_type=\"text-editor.default\">\n\t\t\t\t<div class=\"elementor-widget-container\">\n\t\t\t\t\t\t\t\t\t<p><\/p>\n<h3 class=\"wp-block-heading\">eTwinning en el I.E.S. Carles Salvador<\/h3>\n<p><\/p>\n<p><\/p>\n<p>\u00bfQu\u00e9 es eTwinning?<br \/>eTwinning es la comunidad de centros escolares de Europa.<\/p>\n<p><\/p>\n<p><\/p>\n<p>Ofrece una plataforma a los equipos educativos (profesores, directores, bibliotecarios, etc.) de los centros escolares de uno de los pa\u00edses europeos participantes , para comunicarse, colaborar, desarrollar proyectos o lo que es lo mismo, sentirse y ser parte de la comunidad educativa m\u00e1s atractiva de Europa.<\/p>\n<p><\/p>\n<p><\/p>\n<p>La iniciativa eTwinning promueve la colaboraci\u00f3n escolar en Europa utilizando las tecnolog\u00edas de la informaci\u00f3n y la comunicaci\u00f3n (TIC) y apoya a los centros escolares prest\u00e1ndoles las herramientas y los servicios necesarios que faciliten su asociaci\u00f3n para trabajar en com\u00fan cualquier tema.<br \/><br \/>El portal eTwinning (<a href=\"http:\/\/www.etwinning.net\/\">www.etwinning.net<\/a>) es el principal punto de encuentro y el lugar donde trabajar juntos. Est\u00e1 traducido a veinticinco idiomas, cuenta con unos 170 000 miembros y unos 5324 proyectos* realizados entre dos o m\u00e1s centros escolares de Europa. El portal proporciona las herramientas en la red para que los profesores encuentren socios, pongan en marcha proyectos, compartan ideas, intercambien sus mejores pr\u00e1cticas y comiencen a trabajar juntos inmediatamente, sirvi\u00e9ndose de las distintas herramientas, hechas a la medida, a su disposici\u00f3n en la plataforma eTwinning.<br \/><br \/>eTwinning naci\u00f3 en 2005 como la iniciativa m\u00e1s importante del Programa de aprendizaje\u00a0 eLearning de la Comisi\u00f3n Europea y desde el 2007 pertenece al\u00a0 Programa de aprendizaje permanente . Su Servicio central de apoyo est\u00e1 dirigido por European Schoolnet, una asociaci\u00f3n internacional de 33 Ministerios de educaci\u00f3n europeos que promueven la educaci\u00f3n en los centros escolares, los profesores y los alumnos de toda Europa. eTwinning recibe tambi\u00e9n asistencia a nivel nacional de sus 35 Servicios nacionales de apoyo.<\/p>\n<p><\/p>\t\t\t\t\t\t\t\t<\/div>\n\t\t\t\t<\/div>\n\t\t\t\t\t<\/div>\n\t\t<\/div>\n\t\t\t\t\t<\/div>\n\t\t<\/section>\n\t\t\t\t<\/div>\n\t\t","protected":false},"excerpt":{"rendered":"<p>eTwinning en el I.E.S. Carles Salvador \u00bfQu\u00e9 es eTwinning?eTwinning es la comunidad de centros escolares de Europa. Ofrece una plataforma a los equipos educativos (profesores, directores, bibliotecarios, etc.) de los centros escolares de uno de los pa\u00edses europeos participantes , para comunicarse, colaborar, desarrollar proyectos o lo que es lo mismo, sentirse y ser parte&hellip;&nbsp;<a href=\"https:\/\/www.iescarlessalvador.es\/?page_id=421&#038;lang=es\" class=\"\" rel=\"bookmark\">Leer m\u00e1s &raquo;<span class=\"screen-reader-text\">ETWINNING<\/span><\/a><\/p>\n","protected":false},"author":1,"featured_media":0,"parent":0,"menu_order":0,"comment_status":"closed","ping_status":"closed","template":"","meta":{"rop_custom_images_group":[],"rop_custom_messages_group":[],"rop_publish_now":"initial","rop_publish_now_accounts":[],"rop_publish_now_history":[],"rop_publish_now_status":"pending","neve_meta_sidebar":"right","neve_meta_container":"contained","neve_meta_enable_content_width":"off","neve_meta_content_width":100,"neve_meta_title_alignment":"","neve_meta_author_avatar":"","neve_post_elements_order":"","neve_meta_disable_header":"","neve_meta_disable_footer":"","neve_meta_disable_title":"","footnotes":""},"class_list":["post-421","page","type-page","status-publish","hentry"],"_links":{"self":[{"href":"https:\/\/www.iescarlessalvador.es\/index.php?rest_route=\/wp\/v2\/pages\/421","targetHints":{"allow":["GET"]}}],"collection":[{"href":"https:\/\/www.iescarlessalvador.es\/index.php?rest_route=\/wp\/v2\/pages"}],"about":[{"href":"https:\/\/www.iescarlessalvador.es\/index.php?rest_route=\/wp\/v2\/types\/page"}],"author":[{"embeddable":true,"href":"https:\/\/www.iescarlessalvador.es\/index.php?rest_route=\/wp\/v2\/users\/1"}],"replies":[{"embeddable":true,"href":"https:\/\/www.iescarlessalvador.es\/index.php?rest_route=%2Fwp%2Fv2%2Fcomments&post=421"}],"version-history":[{"count":5,"href":"https:\/\/www.iescarlessalvador.es\/index.php?rest_route=\/wp\/v2\/pages\/421\/revisions"}],"predecessor-version":[{"id":941,"href":"https:\/\/www.iescarlessalvador.es\/index.php?rest_route=\/wp\/v2\/pages\/421\/revisions\/941"}],"wp:attachment":[{"href":"https:\/\/www.iescarlessalvador.es\/index.php?rest_route=%2Fwp%2Fv2%2Fmedia&parent=421"}],"curies":[{"name":"wp","href":"https:\/\/api.w.org\/{rel}","templated":true}]}}