{"id":443,"date":"2020-05-02T16:56:15","date_gmt":"2020-05-02T16:56:15","guid":{"rendered":"http:\/\/www.iescarlessalvador.es\/?page_id=443"},"modified":"2022-10-06T14:27:34","modified_gmt":"2022-10-06T14:27:34","slug":"documentacion","status":"publish","type":"page","link":"https:\/\/www.iescarlessalvador.es\/?page_id=443&lang=es","title":{"rendered":"Documentaci\u00f3n"},"content":{"rendered":"\n<p>Relaci\u00f3n de documentos que puede descargar:<\/p>\n\n\n\n<h5 class=\"wp-block-heading\">MATRICULACI\u00d3N<\/h5>\n\n\n\n<ul class=\"wp-block-list\"><li><a href=\"https:\/\/www.iescarlessalvador.es\/wp-content\/uploads\/2020\/07\/PUBLICACION-FOTOGRAFICA_CLL.pdf\">AUTORIZACI\u00d3N FOTOGR\u00c1FICA<\/a><\/li><li><a href=\"https:\/\/www.iescarlessalvador.es\/wp-content\/uploads\/2020\/09\/Sol-licitud_ACCES_WEB_FAMILIA.pdf\">SOLICITUD ACCESO A WEB FAMILIA<\/a><\/li><\/ul>\n\n\n\n<h5 class=\"wp-block-heading\">CONVALIDACIONES   <a href=\"https:\/\/ceice.gva.es\/es\/web\/ordenacion-academica\/secundaria\/normativa\/procedimientos\">(informaci\u00f3n del procedimiento)<\/a><\/h5>\n\n\n\n<ul class=\"wp-block-list\"><li><a href=\"https:\/\/www.iescarlessalvador.es\/wp-content\/uploads\/2022\/10\/220922_Document-A.pdf\">SOLICITUD DE CONVALIDACI\u00d3N (M\u00daSICA Y DANZA) &#8211; ESO<\/a>       &#8211;      <a href=\"https:\/\/www.iescarlessalvador.es\/wp-content\/uploads\/2022\/10\/Document-A_1r-bat.pdf\">1\u00ba BACH (M\u00daSICA Y DANZA)<\/a>      &#8211;    <a href=\"https:\/\/www.iescarlessalvador.es\/wp-content\/uploads\/2022\/10\/Document-A_2n-bat.pdf\">2\u00ba BACH (M\u00daSICA Y DANZA)<\/a><\/li><li><a href=\"https:\/\/www.iescarlessalvador.es\/wp-content\/uploads\/2022\/10\/220922_Document-B.pdf\">SOLICITUD DE CONVALIDACI\u00d3N (DEPORTISTA DE \u00c9LITE) &#8211; ESO<\/a>       &#8211;    <a href=\"https:\/\/www.iescarlessalvador.es\/wp-content\/uploads\/2022\/10\/Document-B_EF.pdf\"> SOLICITUD 1\u00ba Y 2\u00ba BACH (DEPORTISTA DE \u00c9LITE)<\/a>                <\/li><\/ul>\n\n\n\n<h5 class=\"wp-block-heading\">SEGURO ESCOLAR PRIMERO Y SEGUNDO DE ESO:<\/h5>\n\n\n\n<ul class=\"wp-block-list\"><li><a href=\"https:\/\/www.iescarlessalvador.es\/wp-content\/uploads\/2022\/07\/PROTOCOL_asseguranca_escolar_1_2_eso.pdf\">INFORMACI\u00d3N<\/a><\/li><\/ul>\n\n\n\n<h5 class=\"wp-block-heading\">PROGRAMA \u00abAPRENDEMOS AYUDANDO\u00bb<\/h5>\n\n\n\n<ul class=\"wp-block-list\"><li><a href=\"https:\/\/www.iescarlessalvador.es\/wp-content\/uploads\/2020\/09\/Carta-padres.-Tutor.pdf\">AUTORIZACI\u00d3N ALUMNADO TUTOR (4\u00ba ESO y 1\u00ba BACHILLERATO)<\/a><\/li><li><a href=\"https:\/\/www.iescarlessalvador.es\/wp-content\/uploads\/2020\/09\/Carta-para-padres.-Tutorizados.pdf\">AUTORIZACI\u00d3N ALUMNADO TUTORIZADO (1r ESO)<\/a><\/li><\/ul>\n\n\n\n<div style=\"visibility: hidden\"><h5>ENTRADAS &#8211; SALIDAS DEL CENTRE<\/h5>  <\/div>\n\n\n\n<div style=\"visibility: hidden\"> <ul><li><a href=\"https:\/\/www.iescarlessalvador.es\/wp-content\/uploads\/2020\/09\/model_autoritzacio_EIXIDA_ULTIMA_HORA.pdf\"><\/a><a href=\"https:\/\/www.iescarlessalvador.es\/wp-content\/uploads\/2020\/09\/model_autoritzacio_EIXIDA_ULTIMA_HORA.pdf\">AUTORIZACI\u00d3N SALIDA \u00daLTIMA HORA<\/a> (INICI DE CURS)<\/li><li><a href=\"https:\/\/www.iescarlessalvador.es\/wp-content\/uploads\/2020\/09\/model_autoritzacio_EIXIDA_ULTIMA_HORA.pdf\"><\/a><a href=\"https:\/\/www.iescarlessalvador.es\/wp-content\/uploads\/2020\/09\/model_autoritzacio_EIXIDA_puntual.pdf\">AUTORIZACI\u00d3 SALIDA PUNTUAL<\/a>                              <a href=\"https:\/\/www.iescarlessalvador.es\/wp-content\/uploads\/2020\/09\/PROTOCOL_autoritzacio_puntual.odt.pdf\">INFORMACI\u00d3N DEL PROCEDIMIENTO<\/a><\/li><li><a href=\"https:\/\/www.iescarlessalvador.es\/wp-content\/uploads\/2020\/09\/Autoritzaci\u00f3-eixida-BT-en-patis.pdf\">AUTORIZACI\u00d3N SALIDA AL PATIO<\/a> (SOLS BATXILLERAT)          <\/li><\/ul>\n <\/div>\n\n\n\n<p><\/p>\n","protected":false},"excerpt":{"rendered":"<p>Relaci\u00f3n de documentos que puede descargar: MATRICULACI\u00d3N AUTORIZACI\u00d3N FOTOGR\u00c1FICA SOLICITUD ACCESO A WEB FAMILIA CONVALIDACIONES (informaci\u00f3n del procedimiento) SOLICITUD DE CONVALIDACI\u00d3N (M\u00daSICA Y DANZA) &#8211; ESO &#8211; 1\u00ba BACH (M\u00daSICA Y DANZA) &#8211; 2\u00ba BACH (M\u00daSICA Y DANZA) SOLICITUD DE CONVALIDACI\u00d3N (DEPORTISTA DE \u00c9LITE) &#8211; ESO &#8211; SOLICITUD 1\u00ba Y 2\u00ba BACH (DEPORTISTA DE \u00c9LITE)&hellip;&nbsp;<a href=\"https:\/\/www.iescarlessalvador.es\/?page_id=443&#038;lang=es\" class=\"\" rel=\"bookmark\">Leer m\u00e1s &raquo;<span class=\"screen-reader-text\">Documentaci\u00f3n<\/span><\/a><\/p>\n","protected":false},"author":1,"featured_media":0,"parent":0,"menu_order":0,"comment_status":"closed","ping_status":"closed","template":"","meta":{"rop_custom_images_group":[],"rop_custom_messages_group":[],"rop_publish_now":"initial","rop_publish_now_accounts":[],"rop_publish_now_history":[],"rop_publish_now_status":"pending","neve_meta_sidebar":"full-width","neve_meta_container":"","neve_meta_enable_content_width":"on","neve_meta_content_width":100,"neve_meta_title_alignment":"","neve_meta_author_avatar":"","neve_post_elements_order":"","neve_meta_disable_header":"","neve_meta_disable_footer":"","neve_meta_disable_title":"","footnotes":""},"class_list":["post-443","page","type-page","status-publish","hentry"],"_links":{"self":[{"href":"https:\/\/www.iescarlessalvador.es\/index.php?rest_route=\/wp\/v2\/pages\/443","targetHints":{"allow":["GET"]}}],"collection":[{"href":"https:\/\/www.iescarlessalvador.es\/index.php?rest_route=\/wp\/v2\/pages"}],"about":[{"href":"https:\/\/www.iescarlessalvador.es\/index.php?rest_route=\/wp\/v2\/types\/page"}],"author":[{"embeddable":true,"href":"https:\/\/www.iescarlessalvador.es\/index.php?rest_route=\/wp\/v2\/users\/1"}],"replies":[{"embeddable":true,"href":"https:\/\/www.iescarlessalvador.es\/index.php?rest_route=%2Fwp%2Fv2%2Fcomments&post=443"}],"version-history":[{"count":17,"href":"https:\/\/www.iescarlessalvador.es\/index.php?rest_route=\/wp\/v2\/pages\/443\/revisions"}],"predecessor-version":[{"id":3193,"href":"https:\/\/www.iescarlessalvador.es\/index.php?rest_route=\/wp\/v2\/pages\/443\/revisions\/3193"}],"wp:attachment":[{"href":"https:\/\/www.iescarlessalvador.es\/index.php?rest_route=%2Fwp%2Fv2%2Fmedia&parent=443"}],"curies":[{"name":"wp","href":"https:\/\/api.w.org\/{rel}","templated":true}]}}