{"id":5193,"date":"2024-09-30T16:11:53","date_gmt":"2024-09-30T16:11:53","guid":{"rendered":"https:\/\/www.iescarlessalvador.es\/?page_id=5193"},"modified":"2024-09-30T16:11:54","modified_gmt":"2024-09-30T16:11:54","slug":"convivencia-i-igualtat","status":"publish","type":"page","link":"https:\/\/www.iescarlessalvador.es\/?page_id=5193","title":{"rendered":"Conviv\u00e8ncia i Igualtat"},"content":{"rendered":"\n<p>Com ja sabeu, l&#8217;IES Carles Salvador t\u00e9 un grup de professors i professores encarregat de la conviv\u00e8ncia i la igualtat. El nostre objectiu \u00e9s que el nostre centre siga un lloc SEGUR, on la CONVIV\u00c8NCIA i la IGUALTAT estiguen presents cada dia.<\/p>\n\n\n\n<p>Estem ja treballant amb molta for\u00e7a per a crear activitats i perqu\u00e8 tot funcione! Si t&#8217;agradaria ser un OBSERVADOR DE LA CONVIV\u00c8NCIA, apunta&#8217;t. Parla amb l&#8217;equip i t&#8217;informarem.<\/p>\n\n\n\n<p>Ac\u00ed vos deixem algunes de les activitats de formaci\u00f3 que vam fer el passat 15 de juny: l&#8217;alumnat i el professorat s&#8217;ho van passar genial fent din\u00e0miques de grup.<\/p>\n\n\n\n<p>ANIMA&#8217;T!<\/p>\n\n\n\n<p>L&#8217;IES Carles Salvador est\u00e0 per la conviv\u00e8ncia i la igualtat. I tu?<\/p>\n\n\n\n<figure class=\"wp-block-image size-large is-resized\"><img fetchpriority=\"high\" decoding=\"async\" width=\"768\" height=\"1024\" src=\"https:\/\/www.iescarlessalvador.es\/wp-content\/uploads\/2024\/09\/FBAA18F0-30BB-4DAE-816B-8F4782198E96-768x1024.jpg\" alt=\"\" class=\"wp-image-5196\" style=\"aspect-ratio:0.75;width:659px;height:auto\" srcset=\"https:\/\/www.iescarlessalvador.es\/wp-content\/uploads\/2024\/09\/FBAA18F0-30BB-4DAE-816B-8F4782198E96-768x1024.jpg 768w, https:\/\/www.iescarlessalvador.es\/wp-content\/uploads\/2024\/09\/FBAA18F0-30BB-4DAE-816B-8F4782198E96-225x300.jpg 225w, https:\/\/www.iescarlessalvador.es\/wp-content\/uploads\/2024\/09\/FBAA18F0-30BB-4DAE-816B-8F4782198E96-1152x1536.jpg 1152w, https:\/\/www.iescarlessalvador.es\/wp-content\/uploads\/2024\/09\/FBAA18F0-30BB-4DAE-816B-8F4782198E96-1536x2048.jpg 1536w, https:\/\/www.iescarlessalvador.es\/wp-content\/uploads\/2024\/09\/FBAA18F0-30BB-4DAE-816B-8F4782198E96-scaled.jpg 1920w\" sizes=\"(max-width: 768px) 100vw, 768px\" \/><\/figure>\n\n\n\n<figure class=\"wp-block-image size-large is-resized\"><img decoding=\"async\" width=\"768\" height=\"1024\" src=\"https:\/\/www.iescarlessalvador.es\/wp-content\/uploads\/2024\/09\/D0BCD5B0-E397-4EA2-B5D2-3811A0541690-768x1024.jpg\" alt=\"\" class=\"wp-image-5197\" style=\"aspect-ratio:0.75;width:655px;height:auto\" srcset=\"https:\/\/www.iescarlessalvador.es\/wp-content\/uploads\/2024\/09\/D0BCD5B0-E397-4EA2-B5D2-3811A0541690-768x1024.jpg 768w, https:\/\/www.iescarlessalvador.es\/wp-content\/uploads\/2024\/09\/D0BCD5B0-E397-4EA2-B5D2-3811A0541690-225x300.jpg 225w, https:\/\/www.iescarlessalvador.es\/wp-content\/uploads\/2024\/09\/D0BCD5B0-E397-4EA2-B5D2-3811A0541690-1152x1536.jpg 1152w, https:\/\/www.iescarlessalvador.es\/wp-content\/uploads\/2024\/09\/D0BCD5B0-E397-4EA2-B5D2-3811A0541690-1536x2048.jpg 1536w, https:\/\/www.iescarlessalvador.es\/wp-content\/uploads\/2024\/09\/D0BCD5B0-E397-4EA2-B5D2-3811A0541690-scaled.jpg 1920w\" sizes=\"(max-width: 768px) 100vw, 768px\" \/><\/figure>\n\n\n\n<figure class=\"wp-block-image size-large is-resized\"><img decoding=\"async\" width=\"1024\" height=\"768\" src=\"https:\/\/www.iescarlessalvador.es\/wp-content\/uploads\/2024\/09\/60CDC838-FB16-4122-8690-D2284059CB29-1024x768.jpg\" alt=\"\" class=\"wp-image-5195\" style=\"aspect-ratio:1.3333333333333333;width:715px;height:auto\" srcset=\"https:\/\/www.iescarlessalvador.es\/wp-content\/uploads\/2024\/09\/60CDC838-FB16-4122-8690-D2284059CB29-1024x768.jpg 1024w, https:\/\/www.iescarlessalvador.es\/wp-content\/uploads\/2024\/09\/60CDC838-FB16-4122-8690-D2284059CB29-300x225.jpg 300w, https:\/\/www.iescarlessalvador.es\/wp-content\/uploads\/2024\/09\/60CDC838-FB16-4122-8690-D2284059CB29-768x576.jpg 768w, https:\/\/www.iescarlessalvador.es\/wp-content\/uploads\/2024\/09\/60CDC838-FB16-4122-8690-D2284059CB29-1536x1152.jpg 1536w, https:\/\/www.iescarlessalvador.es\/wp-content\/uploads\/2024\/09\/60CDC838-FB16-4122-8690-D2284059CB29-2048x1536.jpg 2048w\" sizes=\"(max-width: 1024px) 100vw, 1024px\" \/><\/figure>\n","protected":false},"excerpt":{"rendered":"<p>Com ja sabeu, l&#8217;IES Carles Salvador t\u00e9 un grup de professors i professores encarregat de la conviv\u00e8ncia i la igualtat. El nostre objectiu \u00e9s que el nostre centre siga un lloc SEGUR, on la CONVIV\u00c8NCIA i la IGUALTAT estiguen presents cada dia. Estem ja treballant amb molta for\u00e7a per a crear activitats i perqu\u00e8 tot&hellip;&nbsp;<a href=\"https:\/\/www.iescarlessalvador.es\/?page_id=5193\" class=\"\" rel=\"bookmark\">Leer m\u00e1s &raquo;<span class=\"screen-reader-text\">Conviv\u00e8ncia i Igualtat<\/span><\/a><\/p>\n","protected":false},"author":1,"featured_media":5195,"parent":0,"menu_order":0,"comment_status":"closed","ping_status":"closed","template":"","meta":{"rop_custom_images_group":[],"rop_custom_messages_group":[],"rop_publish_now":"initial","rop_publish_now_accounts":[],"rop_publish_now_history":[],"rop_publish_now_status":"pending","neve_meta_sidebar":"","neve_meta_container":"","neve_meta_enable_content_width":"","neve_meta_content_width":0,"neve_meta_title_alignment":"","neve_meta_author_avatar":"","neve_post_elements_order":"","neve_meta_disable_header":"","neve_meta_disable_footer":"","neve_meta_disable_title":"","footnotes":""},"class_list":["post-5193","page","type-page","status-publish","has-post-thumbnail","hentry"],"_links":{"self":[{"href":"https:\/\/www.iescarlessalvador.es\/index.php?rest_route=\/wp\/v2\/pages\/5193","targetHints":{"allow":["GET"]}}],"collection":[{"href":"https:\/\/www.iescarlessalvador.es\/index.php?rest_route=\/wp\/v2\/pages"}],"about":[{"href":"https:\/\/www.iescarlessalvador.es\/index.php?rest_route=\/wp\/v2\/types\/page"}],"author":[{"embeddable":true,"href":"https:\/\/www.iescarlessalvador.es\/index.php?rest_route=\/wp\/v2\/users\/1"}],"replies":[{"embeddable":true,"href":"https:\/\/www.iescarlessalvador.es\/index.php?rest_route=%2Fwp%2Fv2%2Fcomments&post=5193"}],"version-history":[{"count":1,"href":"https:\/\/www.iescarlessalvador.es\/index.php?rest_route=\/wp\/v2\/pages\/5193\/revisions"}],"predecessor-version":[{"id":5198,"href":"https:\/\/www.iescarlessalvador.es\/index.php?rest_route=\/wp\/v2\/pages\/5193\/revisions\/5198"}],"wp:featuredmedia":[{"embeddable":true,"href":"https:\/\/www.iescarlessalvador.es\/index.php?rest_route=\/wp\/v2\/media\/5195"}],"wp:attachment":[{"href":"https:\/\/www.iescarlessalvador.es\/index.php?rest_route=%2Fwp%2Fv2%2Fmedia&parent=5193"}],"curies":[{"name":"wp","href":"https:\/\/api.w.org\/{rel}","templated":true}]}}