{"id":5390,"date":"2025-03-01T17:12:26","date_gmt":"2025-03-01T17:12:26","guid":{"rendered":"https:\/\/www.iescarlessalvador.es\/?page_id=5390"},"modified":"2025-03-02T07:34:57","modified_gmt":"2025-03-02T07:34:57","slug":"orientacion","status":"publish","type":"page","link":"https:\/\/www.iescarlessalvador.es\/?page_id=5390&lang=es","title":{"rendered":"Orientaci\u00f3n"},"content":{"rendered":"\n<h4 class=\"wp-block-heading\">Oficina dE INFORMACI\u00d3N Y Orientaci\u00f3N Profesional del IES Carles Salvador<\/h4>\n\n\n\n<p>Su principal prop\u00f3sito es ofrecer apoyo individualizado a cualquier persona que requiera orientaci\u00f3n profesional dentro de los servicios, tanto formativos como de acreditaci\u00f3n, que ofrece el sistema de formaci\u00f3n profesional en la Comunidad Valenciana.<\/p>\n\n\n\n<figure class=\"wp-block-embed is-type-wp-embed is-provider-canva wp-block-embed-canva\"><div class=\"wp-block-embed__wrapper\">\n<iframe class=\"wp-embedded-content\" sandbox=\"allow-scripts\" security=\"restricted\" title=\" oficina_informacion_profesional_IES_CARLES_SALVADOR_cll\" src=\"https:\/\/www.canva.com\/design\/DAGggBKcOZo\/yamN0BANWh3I6iKisIGnMA\/view?embed&#038;meta#?secret=Jwcckdi3yx\" data-secret=\"Jwcckdi3yx\" height=\"675\" width=\"1200\"><\/iframe>\n<\/div><\/figure>\n\n\n\n<p class=\"has-text-align-center\">Si no te funcionan los enlaces de la imagen pulsa el siguiente v\u00ednculo:<\/p>\n\n\n\n<p><a href=\"https:\/\/www.canva.com\/design\/DAGggBKcOZo\/lNrVTOCGl4C5PFEPMIv9Fg\/view?utm_content=DAGggBKcOZo&amp;utm_campaign=designshare&amp;utm_medium=link2&amp;utm_source=uniquelinks&amp;utlId=hfdf70e6440\">https:\/\/www.canva.com\/design\/DAGggBKcOZo\/lNrVTOCGl4C5PFEPMIv9Fg\/view?utm_content=DAGggBKcOZo&amp;utm_campaign=designshare&amp;utm_medium=link2&amp;utm_source=uniquelinks&amp;utlId=hfdf70e6440<\/a><\/p>\n\n\n\n<h5 class=\"wp-block-heading has-text-align-center\">HORARIO DE ATENCI\u00d3N PRESENCIAL (CON CITA PREVIA)<\/h5>\n\n\n\n<p>Tambi\u00e9n puedes acudir al centro en los siguientes horarios (siempre con cita previa):<\/p>\n\n\n\n<p>Los lunes y mi\u00e9rcoles de 10 a 12 horas<\/p>\n\n\n\n<p>Los martes y jueves de 16:00 a 18:00 horas<\/p>\n\n\n\n<p>Si necesitas apoyo individualizado para tomar tus pr\u00f3ximas decisiones en el \u00e1mbito profesional o formativo, estamos a tu disposici\u00f3n. Solo tienes que enviar un correo a la direcci\u00f3n indicada, explic\u00e1ndonos qu\u00e9 necesitas. Contactaremos contigo lo m\u00e1s bien posible.<\/p>\n\n\n\n<p><\/p>\n","protected":false},"excerpt":{"rendered":"<p>Oficina dE INFORMACI\u00d3N Y Orientaci\u00f3N Profesional del IES Carles Salvador Su principal prop\u00f3sito es ofrecer apoyo individualizado a cualquier persona que requiera orientaci\u00f3n profesional dentro de los servicios, tanto formativos como de acreditaci\u00f3n, que ofrece el sistema de formaci\u00f3n profesional en la Comunidad Valenciana. Si no te funcionan los enlaces de la imagen pulsa el&hellip;&nbsp;<a href=\"https:\/\/www.iescarlessalvador.es\/?page_id=5390&#038;lang=es\" class=\"\" rel=\"bookmark\">Leer m\u00e1s &raquo;<span class=\"screen-reader-text\">Orientaci\u00f3n<\/span><\/a><\/p>\n","protected":false},"author":1,"featured_media":5392,"parent":0,"menu_order":0,"comment_status":"closed","ping_status":"closed","template":"","meta":{"rop_custom_images_group":[],"rop_custom_messages_group":[],"rop_publish_now":"initial","rop_publish_now_accounts":[],"rop_publish_now_history":[],"rop_publish_now_status":"pending","neve_meta_sidebar":"","neve_meta_container":"","neve_meta_enable_content_width":"","neve_meta_content_width":0,"neve_meta_title_alignment":"","neve_meta_author_avatar":"","neve_post_elements_order":"","neve_meta_disable_header":"","neve_meta_disable_footer":"","neve_meta_disable_title":"","footnotes":""},"class_list":["post-5390","page","type-page","status-publish","has-post-thumbnail","hentry"],"_links":{"self":[{"href":"https:\/\/www.iescarlessalvador.es\/index.php?rest_route=\/wp\/v2\/pages\/5390","targetHints":{"allow":["GET"]}}],"collection":[{"href":"https:\/\/www.iescarlessalvador.es\/index.php?rest_route=\/wp\/v2\/pages"}],"about":[{"href":"https:\/\/www.iescarlessalvador.es\/index.php?rest_route=\/wp\/v2\/types\/page"}],"author":[{"embeddable":true,"href":"https:\/\/www.iescarlessalvador.es\/index.php?rest_route=\/wp\/v2\/users\/1"}],"replies":[{"embeddable":true,"href":"https:\/\/www.iescarlessalvador.es\/index.php?rest_route=%2Fwp%2Fv2%2Fcomments&post=5390"}],"version-history":[{"count":6,"href":"https:\/\/www.iescarlessalvador.es\/index.php?rest_route=\/wp\/v2\/pages\/5390\/revisions"}],"predecessor-version":[{"id":5414,"href":"https:\/\/www.iescarlessalvador.es\/index.php?rest_route=\/wp\/v2\/pages\/5390\/revisions\/5414"}],"wp:featuredmedia":[{"embeddable":true,"href":"https:\/\/www.iescarlessalvador.es\/index.php?rest_route=\/wp\/v2\/media\/5392"}],"wp:attachment":[{"href":"https:\/\/www.iescarlessalvador.es\/index.php?rest_route=%2Fwp%2Fv2%2Fmedia&parent=5390"}],"curies":[{"name":"wp","href":"https:\/\/api.w.org\/{rel}","templated":true}]}}