{"id":591,"date":"2020-05-30T11:09:46","date_gmt":"2020-05-30T11:09:46","guid":{"rendered":"http:\/\/www.iescarlessalvador.es\/?page_id=591"},"modified":"2024-01-12T06:52:48","modified_gmt":"2024-01-12T06:52:48","slug":"horari","status":"publish","type":"page","link":"https:\/\/www.iescarlessalvador.es\/?page_id=591","title":{"rendered":"Horari"},"content":{"rendered":"\t\t<div data-elementor-type=\"wp-page\" data-elementor-id=\"591\" class=\"elementor elementor-591\">\n\t\t\t\t\t\t<section class=\"elementor-section elementor-top-section elementor-element elementor-element-30aaff03 elementor-section-boxed elementor-section-height-default elementor-section-height-default\" data-id=\"30aaff03\" data-element_type=\"section\" data-e-type=\"section\">\n\t\t\t\t\t\t<div class=\"elementor-container elementor-column-gap-default\">\n\t\t\t\t\t<div class=\"elementor-column elementor-col-100 elementor-top-column elementor-element elementor-element-35e6f347\" data-id=\"35e6f347\" data-element_type=\"column\" data-e-type=\"column\">\n\t\t\t<div class=\"elementor-widget-wrap elementor-element-populated\">\n\t\t\t\t\t\t<div class=\"elementor-element elementor-element-4eca8f3d elementor-widget elementor-widget-text-editor\" data-id=\"4eca8f3d\" data-element_type=\"widget\" data-e-type=\"widget\" data-widget_type=\"text-editor.default\">\n\t\t\t\t<div class=\"elementor-widget-container\">\n\t\t\t\t\t\t\t\t\t<p><\/p>\n<figure class=\"wp-block-image size-large\"><img fetchpriority=\"high\" decoding=\"async\" width=\"1024\" height=\"301\" class=\"wp-image-712\" src=\"https:\/\/www.iescarlessalvador.es\/wp-content\/uploads\/2020\/06\/horario-1024x301.jpg\" alt=\"\" srcset=\"https:\/\/www.iescarlessalvador.es\/wp-content\/uploads\/2020\/06\/horario-1024x301.jpg 1024w, https:\/\/www.iescarlessalvador.es\/wp-content\/uploads\/2020\/06\/horario-300x88.jpg 300w, https:\/\/www.iescarlessalvador.es\/wp-content\/uploads\/2020\/06\/horario-768x226.jpg 768w, https:\/\/www.iescarlessalvador.es\/wp-content\/uploads\/2020\/06\/horario-1536x452.jpg 1536w, https:\/\/www.iescarlessalvador.es\/wp-content\/uploads\/2020\/06\/horario.jpg 1604w\" sizes=\"(max-width: 1024px) 100vw, 1024px\" \/><\/figure>\n<p><\/p>\n<p><\/p>\n<h4 class=\"wp-block-heading\">Horari del centre<\/h4>\n<p><\/p>\n<p><\/p>\n<p>Matins de <strong>8:00 a 15:15<\/strong> hores (ESO-BATXILLERAT-FP B\u00c0SICA)<br \/>Vesprades de <strong>14:05 a 21:00<\/strong> hores. (CICLES FORMATIUS DE GM I GS)<\/p>\n<p><\/p>\n<p><\/p>\n<h4 class=\"wp-block-heading\">Horari d&#8217;administraci\u00f3<\/h4>\n<p><\/p>\n<p><\/p>\n<p>Matins de <strong>8:30 a 14:30<\/strong>\u00a0hores<br \/>Dimarts i dijous de <strong>16:00 a 18:15<\/strong> hores.<\/p>\n<p><\/p>\n<p><\/p>\n<p>En periode no lectius (des de la finalitzaci\u00f3 de les classes fins a l&#8217;inici del curs seg\u00fcent) NOM\u00c9S HORARI DE MATINS de 08:30 a 14:00 hores<\/p>\n<p><\/p>\t\t\t\t\t\t\t\t<\/div>\n\t\t\t\t<\/div>\n\t\t\t\t\t<\/div>\n\t\t<\/div>\n\t\t\t\t\t<\/div>\n\t\t<\/section>\n\t\t\t\t<\/div>\n\t\t","protected":false},"excerpt":{"rendered":"<p>Horari del centre Matins de 8:00 a 15:15 hores (ESO-BATXILLERAT-FP B\u00c0SICA)Vesprades de 14:05 a 21:00 hores. (CICLES FORMATIUS DE GM I GS) Horari d&#8217;administraci\u00f3 Matins de 8:30 a 14:30\u00a0horesDimarts i dijous de 16:00 a 18:15 hores. En periode no lectius (des de la finalitzaci\u00f3 de les classes fins a l&#8217;inici del curs seg\u00fcent) NOM\u00c9S HORARI&hellip;&nbsp;<a href=\"https:\/\/www.iescarlessalvador.es\/?page_id=591\" class=\"\" rel=\"bookmark\">Leer m\u00e1s &raquo;<span class=\"screen-reader-text\">Horari<\/span><\/a><\/p>\n","protected":false},"author":1,"featured_media":0,"parent":0,"menu_order":0,"comment_status":"closed","ping_status":"closed","template":"","meta":{"rop_custom_images_group":[],"rop_custom_messages_group":[],"rop_publish_now":"initial","rop_publish_now_accounts":[],"rop_publish_now_history":[],"rop_publish_now_status":"pending","neve_meta_sidebar":"full-width","neve_meta_container":"","neve_meta_enable_content_width":"on","neve_meta_content_width":100,"neve_meta_title_alignment":"","neve_meta_author_avatar":"","neve_post_elements_order":"","neve_meta_disable_header":"","neve_meta_disable_footer":"","neve_meta_disable_title":"","footnotes":""},"class_list":["post-591","page","type-page","status-publish","hentry"],"_links":{"self":[{"href":"https:\/\/www.iescarlessalvador.es\/index.php?rest_route=\/wp\/v2\/pages\/591","targetHints":{"allow":["GET"]}}],"collection":[{"href":"https:\/\/www.iescarlessalvador.es\/index.php?rest_route=\/wp\/v2\/pages"}],"about":[{"href":"https:\/\/www.iescarlessalvador.es\/index.php?rest_route=\/wp\/v2\/types\/page"}],"author":[{"embeddable":true,"href":"https:\/\/www.iescarlessalvador.es\/index.php?rest_route=\/wp\/v2\/users\/1"}],"replies":[{"embeddable":true,"href":"https:\/\/www.iescarlessalvador.es\/index.php?rest_route=%2Fwp%2Fv2%2Fcomments&post=591"}],"version-history":[{"count":13,"href":"https:\/\/www.iescarlessalvador.es\/index.php?rest_route=\/wp\/v2\/pages\/591\/revisions"}],"predecessor-version":[{"id":4663,"href":"https:\/\/www.iescarlessalvador.es\/index.php?rest_route=\/wp\/v2\/pages\/591\/revisions\/4663"}],"wp:attachment":[{"href":"https:\/\/www.iescarlessalvador.es\/index.php?rest_route=%2Fwp%2Fv2%2Fmedia&parent=591"}],"curies":[{"name":"wp","href":"https:\/\/api.w.org\/{rel}","templated":true}]}}