{"id":6331,"date":"2026-02-25T18:35:14","date_gmt":"2026-02-25T18:35:14","guid":{"rendered":"https:\/\/www.iescarlessalvador.es\/?page_id=6331"},"modified":"2026-02-25T18:54:28","modified_gmt":"2026-02-25T18:54:28","slug":"proves-dacces-a-cicles-formatius-2026","status":"publish","type":"page","link":"https:\/\/www.iescarlessalvador.es\/?page_id=6331","title":{"rendered":"Proves d&#8217;acc\u00e9s a cicles formatius 2026"},"content":{"rendered":"\n<p>S\u2019 han convocat les Proves d\u2019Acc\u00e9s a Cicles Formatius de Grau Mitj\u00e0 i de Grau Superior, per al 2026.\u00a0<a href=\"https:\/\/www.iescarlessalvador.es\/wp-content\/uploads\/2026\/02\/INFORMACIONPRUEBA_val-.pdf\">[Descarrega el document pdf amb aquesta informaci\u00f3]<\/a> <a href=\"https:\/\/www.iescarlessalvador.es\/wp-content\/uploads\/2023\/02\/CONVOCATORIA.pdf\">[<\/a><a href=\"https:\/\/www.iescarlessalvador.es\/wp-content\/uploads\/2026\/02\/ResolucionConvocatoria-1.pdf\">Convocat\u00f2ria 2026<\/a><a href=\"https:\/\/www.iescarlessalvador.es\/wp-content\/uploads\/2023\/02\/CONVOCATORIA.pdf\">]<\/a><\/p>\n\n\n\n<p><strong>INSCRIPCI\u00d3: del 23 al 31 de mar\u00e7 de 2026.<\/strong><br>NOTA IMPORTANT: Les sol\u00b7licituds d\u2019inscripci\u00f3 se presentaran en la Secretaria del nostre centre en l\u2019<strong>horari<\/strong>&nbsp;d\u2019atenci\u00f3 al p\u00fablic de&nbsp;<strong>dilluns a divendres de 09:00 a 13:30&nbsp;<\/strong>i els<strong>&nbsp;dimarts i dijous vesprada de 16:00 a 18:15<\/strong>, en el termini establert. En el cas de no poder presentar la sol\u00b7licitud presencialment, poden enviar-la al correu electr\u00f2nic del centre<a href=\"mailto:46020406.secretaria@edu.gva.es\">&nbsp;46020406.secretaria@edu.gva.es<\/a>&nbsp;En l\u2019assumpte han de escriure: PAC \u2013 COGNOMS, NOM<\/p>\n\n\n\n<p>Si vols consultar el <strong>calendari<\/strong>&nbsp;amb totes les dates importants pots accedir cercant l\u2019enlla\u00e7: \u201cceice gva prueba acceso a ciclos formativos\u201d<\/p>\n\n\n\n<p><strong>DOCUMENTS A EMPLENAR I ENVIAR PER A LA INSCRIPCI\u00d3:<\/strong><\/p>\n\n\n\n<p>&#8211; Copia del DNI o Targeta d\u2019 Extranger.<br> &#8211; <a href=\"https:\/\/siac-front.gva.es\/siac-front\/public\/descarga\/es\/F2763\">SOL\u00b7LICITUD D\u2019 INSCRIPCI\u00d3 grau mitj\u00e0.<\/a><a href=\"https:\/\/www.iescarlessalvador.es\/wp-content\/uploads\/2023\/02\/SolicitudCGM.pdf\"> <\/a><br> &#8211; <a href=\"https:\/\/siac-front.gva.es\/siac-front\/public\/descarga\/va\/F3183\">SOL\u00b7LICITUD D\u2019 INSCRIPCI\u00d3 grau superior.<\/a><br> &#8211; TAXES Model 046 gva abonades i\/o justificant de pagament. <a href=\"https:\/\/ceice.gva.es\/doc046\/gen\/es\/tasas.asp?idf=PRUEBAS\">(ENLLA\u00c7)<\/a><br> &#8211; <a href=\"https:\/\/siac-front.gva.es\/siac-front\/public\/descarga\/es\/F50071\">Sol\u00b7licitud d\u2019 exempci\u00f3 en la prova de grau mitj\u00e0.<\/a><br> &#8211; <a href=\"https:\/\/siac-front.gva.es\/siac-front\/public\/descarga\/va\/F50091\">Sol\u00b7licitud d\u2019 exempci\u00f3 en la prova de grau superior.<\/a><\/p>\n\n\n\n<p>&#8211; <a href=\"https:\/\/siac-front.gva.es\/siac-front\/public\/descarga\/es\/F50071\">S<\/a>ol\u00b7licitud d\u2019 <strong>adaptaci\u00f3 d&#8217;acc\u00e9s<\/strong>. a les proves GM\/GS (junt amb la documentaci\u00f3 acreditativa de les NEAE)<\/p>\n\n\n\n<p>Els models de sol\u00b7licitud, i declaraci\u00f3 responsable, estaran disponibles en format paper en l\u2019administraci\u00f3 del centre i penjats al nostre web (als enlla\u00e7os de dalt)<\/p>\n\n\n\n<p><strong>PUBLICACI\u00d3 LLISTATS<\/strong><br>Llistat provisional de persones admeses: el 29 d\u2019abril.<br><strong>Llistat definitiu<\/strong>&nbsp;de persones admeses i excloses:&nbsp;<strong>5 maig<\/strong>.<\/p>\n\n\n\n<p><strong>DATES DE REALITZACI\u00d3:<\/strong><br><strong>19 i 20 de MAIG. (Horari adjunt)<\/strong><\/p>\n\n\n\n<p><strong><u>DATES DE REALITZACI\u00d3:<\/u><\/strong><strong><u><\/u><\/strong><\/p>\n\n\n\n<ul class=\"wp-block-list\">\n<li><strong>19 i 20 de MAIG<\/strong><strong>.<\/strong><ul><li>Grau Mitj\u00e0 (Horari de mat\u00ed)<\/li><\/ul>\n<ul class=\"wp-block-list\">\n<li>Grau Superior (Horari de vesprada)<\/li>\n<\/ul>\n<\/li>\n<\/ul>\n\n\n\n<p><strong>PUBLICACI\u00d3 LLISTATS:<\/strong><br>Llistat provisional qualificacions: 2 de juny.<br>Lliurament de documentaci\u00f3 justificativa d\u2019exempci\u00f3: Del 23 de mar\u00e7 al 29 de juny.<br>Llistat definitiu qualificacions: el 8 de juny.<br>Lliurament de qualificacions de la prova: Del 9 al 30 de juny.<\/p>\n\n\n\n<p><strong>Important:<\/strong> Han de participar al proc\u00e9s d\u2019admissi\u00f3 al cicle de grau mitj\u00e0\/superior que volen cursar, sense esperar a l\u2019entrega de les qualificacions. Mes informaci\u00f3 \u201c<strong><a href=\"https:\/\/portal.edu.gva.es\/adminova\/es\/inicio\/\">adminova.gva<\/a><\/strong>\u201d<strong> disponible quan publique la Generalitat mes informaci\u00f3.<\/strong><\/p>\n\n\n<div class=\"wp-block-image\">\n<figure class=\"aligncenter size-full is-resized\"><img fetchpriority=\"high\" decoding=\"async\" width=\"909\" height=\"735\" src=\"https:\/\/www.iescarlessalvador.es\/wp-content\/uploads\/2026\/02\/image.png\" alt=\"\" class=\"wp-image-6334\" style=\"width:909px;height:auto\" srcset=\"https:\/\/www.iescarlessalvador.es\/wp-content\/uploads\/2026\/02\/image.png 909w, https:\/\/www.iescarlessalvador.es\/wp-content\/uploads\/2026\/02\/image-300x243.png 300w, https:\/\/www.iescarlessalvador.es\/wp-content\/uploads\/2026\/02\/image-768x621.png 768w\" sizes=\"(max-width: 909px) 100vw, 909px\" \/><\/figure><\/div>\n\n<div class=\"wp-block-image\">\n<figure class=\"aligncenter size-full\"><img decoding=\"async\" width=\"926\" height=\"793\" src=\"https:\/\/www.iescarlessalvador.es\/wp-content\/uploads\/2026\/02\/image-1.png\" alt=\"\" class=\"wp-image-6335\" srcset=\"https:\/\/www.iescarlessalvador.es\/wp-content\/uploads\/2026\/02\/image-1.png 926w, https:\/\/www.iescarlessalvador.es\/wp-content\/uploads\/2026\/02\/image-1-300x257.png 300w, https:\/\/www.iescarlessalvador.es\/wp-content\/uploads\/2026\/02\/image-1-768x658.png 768w\" sizes=\"(max-width: 926px) 100vw, 926px\" \/><\/figure><\/div>","protected":false},"excerpt":{"rendered":"<p>S\u2019 han convocat les Proves d\u2019Acc\u00e9s a Cicles Formatius de Grau Mitj\u00e0 i de Grau Superior, per al 2026.\u00a0[Descarrega el document pdf amb aquesta informaci\u00f3] [Convocat\u00f2ria 2026] INSCRIPCI\u00d3: del 23 al 31 de mar\u00e7 de 2026.NOTA IMPORTANT: Les sol\u00b7licituds d\u2019inscripci\u00f3 se presentaran en la Secretaria del nostre centre en l\u2019horari&nbsp;d\u2019atenci\u00f3 al p\u00fablic de&nbsp;dilluns a divendres&hellip;&nbsp;<a href=\"https:\/\/www.iescarlessalvador.es\/?page_id=6331\" class=\"\" rel=\"bookmark\">Leer m\u00e1s &raquo;<span class=\"screen-reader-text\">Proves d&#8217;acc\u00e9s a cicles formatius 2026<\/span><\/a><\/p>\n","protected":false},"author":1,"featured_media":0,"parent":0,"menu_order":0,"comment_status":"closed","ping_status":"closed","template":"","meta":{"rop_custom_images_group":[],"rop_custom_messages_group":[],"rop_publish_now":"initial","rop_publish_now_accounts":[],"rop_publish_now_history":[],"rop_publish_now_status":"pending","neve_meta_sidebar":"full-width","neve_meta_container":"","neve_meta_enable_content_width":"on","neve_meta_content_width":100,"neve_meta_title_alignment":"","neve_meta_author_avatar":"","neve_post_elements_order":"","neve_meta_disable_header":"","neve_meta_disable_footer":"","neve_meta_disable_title":"","footnotes":""},"class_list":["post-6331","page","type-page","status-publish","hentry"],"_links":{"self":[{"href":"https:\/\/www.iescarlessalvador.es\/index.php?rest_route=\/wp\/v2\/pages\/6331","targetHints":{"allow":["GET"]}}],"collection":[{"href":"https:\/\/www.iescarlessalvador.es\/index.php?rest_route=\/wp\/v2\/pages"}],"about":[{"href":"https:\/\/www.iescarlessalvador.es\/index.php?rest_route=\/wp\/v2\/types\/page"}],"author":[{"embeddable":true,"href":"https:\/\/www.iescarlessalvador.es\/index.php?rest_route=\/wp\/v2\/users\/1"}],"replies":[{"embeddable":true,"href":"https:\/\/www.iescarlessalvador.es\/index.php?rest_route=%2Fwp%2Fv2%2Fcomments&post=6331"}],"version-history":[{"count":2,"href":"https:\/\/www.iescarlessalvador.es\/index.php?rest_route=\/wp\/v2\/pages\/6331\/revisions"}],"predecessor-version":[{"id":6341,"href":"https:\/\/www.iescarlessalvador.es\/index.php?rest_route=\/wp\/v2\/pages\/6331\/revisions\/6341"}],"wp:attachment":[{"href":"https:\/\/www.iescarlessalvador.es\/index.php?rest_route=%2Fwp%2Fv2%2Fmedia&parent=6331"}],"curies":[{"name":"wp","href":"https:\/\/api.w.org\/{rel}","templated":true}]}}