{"id":6333,"date":"2026-02-25T18:48:51","date_gmt":"2026-02-25T18:48:51","guid":{"rendered":"https:\/\/www.iescarlessalvador.es\/?page_id=6333"},"modified":"2026-02-25T19:02:39","modified_gmt":"2026-02-25T19:02:39","slug":"pruebas-de-acceso-a-ciclos-formativos-2026","status":"publish","type":"page","link":"https:\/\/www.iescarlessalvador.es\/?page_id=6333&lang=es","title":{"rendered":"Pruebas de acceso a ciclos formativos 2026"},"content":{"rendered":"\n<p>Se han convocado las Pruebas de Acceso a Ciclos Formativos de Grado Medio y de Grado Superior, para el a\u00f1o 2026.\u00a0<a href=\"https:\/\/www.iescarlessalvador.es\/wp-content\/uploads\/2026\/02\/INFORMACIONPRUEBA.pdf\">[Descarga el documento con esta informaci\u00f3n]<\/a> <a href=\"https:\/\/www.iescarlessalvador.es\/wp-content\/uploads\/2026\/02\/ResolucionConvocatoria-1.pdf\">[Convocatoria 2026]<\/a><\/p>\n\n\n\n<p><strong>INSCRIPCI\u00d3N: del 23 al 31 de marzo de 2026.<\/strong><br>NOTA IMPORTANTE: Las solicitudes de inscripci\u00f3n se presentar\u00e1n en la Secretar\u00eda del nuestro centro en el&nbsp;<strong>horario<\/strong>&nbsp;de atenci\u00f3n al p\u00fablico de&nbsp;<strong>lunes a viernes de 09:00 a 13:30<\/strong>&nbsp;y&nbsp;<strong>los martes y jueves tarde de 16:00 a 18:15<\/strong>, en el plazo establecido. En el caso de no poder presentar la solicitud presencialmente, pueden enviarla al correo electr\u00f3nico del centro&nbsp;<a href=\"mailto:46020406.secretaria@edu.gva.es\">46020406.secretaria@edu.gva.es<\/a>. En el asunto aparecer\u00e1: PAC \u2013 APELLIDOS, NOMBRE<\/p>\n\n\n\n<p>Si quieres consultar el&nbsp;<strong>calendario<\/strong>&nbsp;con todas las fechas importantes puedes acceder buscando el enlace: \u201cceice gva prueba acceso a ciclos formativos\u201d<\/p>\n\n\n\n<p>DOCUMENTOS A RELLENAR Y ENVIAR PARA LA INSCRIPCI\u00d3N:<\/p>\n\n\n\n<p>Copia del DNI o Tarjeta de Extrangero.<br><a href=\"https:\/\/siac-front.gva.es\/siac-front\/public\/descarga\/es\/F2763\">SOLICITUD De INSCRIPCI\u00d3N grado medio.<\/a> <br><a href=\"https:\/\/siac-front.gva.es\/siac-front\/public\/descarga\/va\/F3183\">SOLICITUD De INSCRIPCI\u00d3N grado superior.<\/a><br>TASAS Modelo 046 gva abonadas y\/o justificante de pago. <a href=\"https:\/\/ceice.gva.es\/doc046\/gen\/es\/tasas.asp?idf=PRUEBAS\">(ENLACE)<\/a><br><a href=\"https:\/\/siac-front.gva.es\/siac-front\/public\/descarga\/es\/F50071\">Solicitud de exenci\u00f3n en la prueba de grado medio.<\/a><br><a href=\"https:\/\/siac-front.gva.es\/siac-front\/public\/descarga\/va\/F50091\">Solicitud de exenci\u00f3n en la prueba de grado superior.<\/a><br><\/p>\n\n\n\n<p>Solicitud de <strong>adaptaci\u00f3n de acceso<\/strong> a las pruebas GM\/GS (junto con la documentaci\u00f3n acreditativa de las NEAE)<\/p>\n\n\n\n<p><br>Los modelos de solicitud, y declaraci\u00f3n responsable, estar\u00e1n disponibles en formado papel en la administraci\u00f3n del centro y colgados en nuestro web. (en los enlaces de arriba)<\/p>\n\n\n\n<p><strong>PUBLICACI\u00d3N LISTADOS<\/strong><br>Listado provisional de personas admitidas: Del 29 de abril.<br><strong>Listado definitivo<\/strong>&nbsp;de personas admitidas y excluidas:&nbsp;<strong>5 mayo<\/strong>.<\/p>\n\n\n\n<p><strong>FECHAS DE REALIZACI\u00d3N:<\/strong><br><strong>19 y 20 de MAYO:<\/strong><ul><li>Grado Medio (Horario de ma\u00f1ana)<\/li><\/ul><\/p>\n\n\n\n<ul class=\"wp-block-list\">\n<li>Grado Superior (Horario de Tarde)<\/li>\n<\/ul>\n\n\n\n<p><strong>PUBLICACI\u00d3N LISTADOS:<\/strong><br>Listado provisional calificaciones: <strong>2 de junio<\/strong>.<br>Entrega de documentaci\u00f3n justificativa de exenci\u00f3n: Del 23 de marzo al 29 de junio.<br>Listado definitivo calificaciones: el 8 de junio.<br>Entrega de calificaciones de la prueba: Del 9 al 30 de junio.<\/p>\n\n\n\n<p><strong>Importante:<\/strong> Deben preinscribirse al proceso de admisi\u00f3n al ciclo de grado medio\/superior que quieran cursar, sin esperar a la entrega de las calificaciones. M\u00e1s informaci\u00f3n \u201c<strong><a href=\"https:\/\/portal.edu.gva.es\/adminova\/es\/inicio\/\">adminova.gva<\/a>\u201d disponible cuando publique la Generalitat m\u00e1s informaci\u00f3n.<\/strong><\/p>\n\n\n<div class=\"wp-block-image\">\n<figure class=\"aligncenter size-full is-resized\"><img fetchpriority=\"high\" decoding=\"async\" width=\"909\" height=\"735\" src=\"https:\/\/www.iescarlessalvador.es\/wp-content\/uploads\/2026\/02\/image.png\" alt=\"\" class=\"wp-image-6334\" style=\"width:909px;height:auto\" srcset=\"https:\/\/www.iescarlessalvador.es\/wp-content\/uploads\/2026\/02\/image.png 909w, https:\/\/www.iescarlessalvador.es\/wp-content\/uploads\/2026\/02\/image-300x243.png 300w, https:\/\/www.iescarlessalvador.es\/wp-content\/uploads\/2026\/02\/image-768x621.png 768w\" sizes=\"(max-width: 909px) 100vw, 909px\" \/><\/figure><\/div>\n\n<div class=\"wp-block-image\">\n<figure class=\"aligncenter size-full\"><img decoding=\"async\" width=\"926\" height=\"793\" src=\"https:\/\/www.iescarlessalvador.es\/wp-content\/uploads\/2026\/02\/image-1.png\" alt=\"\" class=\"wp-image-6335\" srcset=\"https:\/\/www.iescarlessalvador.es\/wp-content\/uploads\/2026\/02\/image-1.png 926w, https:\/\/www.iescarlessalvador.es\/wp-content\/uploads\/2026\/02\/image-1-300x257.png 300w, https:\/\/www.iescarlessalvador.es\/wp-content\/uploads\/2026\/02\/image-1-768x658.png 768w\" sizes=\"(max-width: 926px) 100vw, 926px\" \/><\/figure><\/div>","protected":false},"excerpt":{"rendered":"<p>Se han convocado las Pruebas de Acceso a Ciclos Formativos de Grado Medio y de Grado Superior, para el a\u00f1o 2026.\u00a0[Descarga el documento con esta informaci\u00f3n] [Convocatoria 2026] INSCRIPCI\u00d3N: del 23 al 31 de marzo de 2026.NOTA IMPORTANTE: Las solicitudes de inscripci\u00f3n se presentar\u00e1n en la Secretar\u00eda del nuestro centro en el&nbsp;horario&nbsp;de atenci\u00f3n al p\u00fablico&hellip;&nbsp;<a href=\"https:\/\/www.iescarlessalvador.es\/?page_id=6333&#038;lang=es\" class=\"\" rel=\"bookmark\">Leer m\u00e1s &raquo;<span class=\"screen-reader-text\">Pruebas de acceso a ciclos formativos 2026<\/span><\/a><\/p>\n","protected":false},"author":1,"featured_media":0,"parent":0,"menu_order":0,"comment_status":"closed","ping_status":"closed","template":"","meta":{"rop_custom_images_group":[],"rop_custom_messages_group":[],"rop_publish_now":"initial","rop_publish_now_accounts":[],"rop_publish_now_history":[],"rop_publish_now_status":"pending","neve_meta_sidebar":"full-width","neve_meta_container":"","neve_meta_enable_content_width":"on","neve_meta_content_width":100,"neve_meta_title_alignment":"","neve_meta_author_avatar":"","neve_post_elements_order":"","neve_meta_disable_header":"","neve_meta_disable_footer":"","neve_meta_disable_title":"","footnotes":""},"class_list":["post-6333","page","type-page","status-publish","hentry"],"_links":{"self":[{"href":"https:\/\/www.iescarlessalvador.es\/index.php?rest_route=\/wp\/v2\/pages\/6333","targetHints":{"allow":["GET"]}}],"collection":[{"href":"https:\/\/www.iescarlessalvador.es\/index.php?rest_route=\/wp\/v2\/pages"}],"about":[{"href":"https:\/\/www.iescarlessalvador.es\/index.php?rest_route=\/wp\/v2\/types\/page"}],"author":[{"embeddable":true,"href":"https:\/\/www.iescarlessalvador.es\/index.php?rest_route=\/wp\/v2\/users\/1"}],"replies":[{"embeddable":true,"href":"https:\/\/www.iescarlessalvador.es\/index.php?rest_route=%2Fwp%2Fv2%2Fcomments&post=6333"}],"version-history":[{"count":2,"href":"https:\/\/www.iescarlessalvador.es\/index.php?rest_route=\/wp\/v2\/pages\/6333\/revisions"}],"predecessor-version":[{"id":6343,"href":"https:\/\/www.iescarlessalvador.es\/index.php?rest_route=\/wp\/v2\/pages\/6333\/revisions\/6343"}],"wp:attachment":[{"href":"https:\/\/www.iescarlessalvador.es\/index.php?rest_route=%2Fwp%2Fv2%2Fmedia&parent=6333"}],"curies":[{"name":"wp","href":"https:\/\/api.w.org\/{rel}","templated":true}]}}