{"id":823,"date":"2020-06-13T08:21:05","date_gmt":"2020-06-13T08:21:05","guid":{"rendered":"http:\/\/www.iescarlessalvador.es\/?page_id=823"},"modified":"2020-06-13T08:29:40","modified_gmt":"2020-06-13T08:29:40","slug":"secretaria","status":"publish","type":"page","link":"https:\/\/www.iescarlessalvador.es\/?page_id=823","title":{"rendered":"Secretaria"},"content":{"rendered":"\t\t<div data-elementor-type=\"wp-page\" data-elementor-id=\"823\" class=\"elementor elementor-823\">\n\t\t\t\t\t\t<section class=\"elementor-section elementor-top-section elementor-element elementor-element-10668ac3 elementor-section-boxed elementor-section-height-default elementor-section-height-default\" data-id=\"10668ac3\" data-element_type=\"section\" data-e-type=\"section\">\n\t\t\t\t\t\t<div class=\"elementor-container elementor-column-gap-default\">\n\t\t\t\t\t<div class=\"elementor-column elementor-col-100 elementor-top-column elementor-element elementor-element-12d333a5\" data-id=\"12d333a5\" data-element_type=\"column\" data-e-type=\"column\">\n\t\t\t<div class=\"elementor-widget-wrap elementor-element-populated\">\n\t\t\t\t\t\t<div class=\"elementor-element elementor-element-3766f3b1 elementor-widget elementor-widget-text-editor\" data-id=\"3766f3b1\" data-element_type=\"widget\" data-e-type=\"widget\" data-widget_type=\"text-editor.default\">\n\t\t\t\t<div class=\"elementor-widget-container\">\n\t\t\t\t\t\t\t\t\t<p><\/p>\n<h4 class=\"wp-block-heading\">INFORMACI\u00d3N SOBRE LAS PAU (EBAU)<\/h4>\n<p><\/p>\n<p><\/p>\n<p>Tota la informaci\u00f3 relativa a les proves PAU (AvAU) se poden consultar als seg\u00fcents enlla\u00e7os:<\/p>\n<p><\/p>\n<p><\/p>\n<figure>\n<div><a href=\"https:\/\/www.iescarlessalvador.es\/?page_id=403\">https:\/\/www.iescarlessalvador.es\/?page_id=788<\/a><\/div>\n<\/figure>\n<p><\/p>\n<p><\/p>\n<figure>\n<div><a href=\"http:\/\/innova.gva.es\/es\/web\/universidad\/informacion-pau\">http:\/\/innova.gva.es\/es\/web\/universidad\/informacion-pau<\/a><\/div>\n<\/figure>\n<p><\/p>\n<p><\/p>\n<h4 class=\"wp-block-heading\">INFORMACI\u00d3 SOBRE ADMISSI\u00d3 CURS 2020-21<\/h4>\n<p><\/p>\n<p><\/p>\n<p>Tota la informaci\u00f3 relativa al proc\u00e9s d&#8217;admissi\u00f3 se pot consultar al seg\u00fcent enlla\u00e7:<\/p>\n<p><\/p>\n<p><\/p>\n<p><a href=\"https:\/\/www.iescarlessalvador.es\/?page_id=531&amp;lang=ca\">Admissi\u00f3 Curs 2020-21<\/a><\/p>\n<p><\/p>\t\t\t\t\t\t\t\t<\/div>\n\t\t\t\t<\/div>\n\t\t\t\t\t<\/div>\n\t\t<\/div>\n\t\t\t\t\t<\/div>\n\t\t<\/section>\n\t\t\t\t<\/div>\n\t\t","protected":false},"excerpt":{"rendered":"<p>INFORMACI\u00d3N SOBRE LAS PAU (EBAU) Tota la informaci\u00f3 relativa a les proves PAU (AvAU) se poden consultar als seg\u00fcents enlla\u00e7os: INFORMACI\u00d3 SOBRE ADMISSI\u00d3 CURS 2020-21 Tota la informaci\u00f3 relativa al proc\u00e9s d&#8217;admissi\u00f3 se pot consultar al seg\u00fcent enlla\u00e7: Admissi\u00f3 Curs 2020-21<\/p>\n","protected":false},"author":1,"featured_media":0,"parent":0,"menu_order":0,"comment_status":"closed","ping_status":"closed","template":"","meta":{"rop_custom_images_group":[],"rop_custom_messages_group":[],"rop_publish_now":"initial","rop_publish_now_accounts":[],"rop_publish_now_history":[],"rop_publish_now_status":"pending","neve_meta_sidebar":"full-width","neve_meta_container":"","neve_meta_enable_content_width":"on","neve_meta_content_width":100,"neve_meta_title_alignment":"","neve_meta_author_avatar":"","neve_post_elements_order":"","neve_meta_disable_header":"","neve_meta_disable_footer":"","neve_meta_disable_title":"","footnotes":""},"class_list":["post-823","page","type-page","status-publish","hentry"],"_links":{"self":[{"href":"https:\/\/www.iescarlessalvador.es\/index.php?rest_route=\/wp\/v2\/pages\/823","targetHints":{"allow":["GET"]}}],"collection":[{"href":"https:\/\/www.iescarlessalvador.es\/index.php?rest_route=\/wp\/v2\/pages"}],"about":[{"href":"https:\/\/www.iescarlessalvador.es\/index.php?rest_route=\/wp\/v2\/types\/page"}],"author":[{"embeddable":true,"href":"https:\/\/www.iescarlessalvador.es\/index.php?rest_route=\/wp\/v2\/users\/1"}],"replies":[{"embeddable":true,"href":"https:\/\/www.iescarlessalvador.es\/index.php?rest_route=%2Fwp%2Fv2%2Fcomments&post=823"}],"version-history":[{"count":4,"href":"https:\/\/www.iescarlessalvador.es\/index.php?rest_route=\/wp\/v2\/pages\/823\/revisions"}],"predecessor-version":[{"id":828,"href":"https:\/\/www.iescarlessalvador.es\/index.php?rest_route=\/wp\/v2\/pages\/823\/revisions\/828"}],"wp:attachment":[{"href":"https:\/\/www.iescarlessalvador.es\/index.php?rest_route=%2Fwp%2Fv2%2Fmedia&parent=823"}],"curies":[{"name":"wp","href":"https:\/\/api.w.org\/{rel}","templated":true}]}}