{"id":923,"date":"2020-06-15T21:47:35","date_gmt":"2020-06-15T21:47:35","guid":{"rendered":"http:\/\/www.iescarlessalvador.es\/?page_id=923"},"modified":"2021-06-28T06:15:04","modified_gmt":"2021-06-28T06:15:04","slug":"matricula-1o-fp-basica","status":"publish","type":"page","link":"https:\/\/www.iescarlessalvador.es\/?page_id=923&lang=es","title":{"rendered":"MATRICULA 1\u00ba FP B\u00c1SICA"},"content":{"rendered":"\n<p>Rellena el siguiente formulario para completar tu <strong>matr\u00edcula <\/strong>para el <strong>curso 2021\/22<\/strong>. <\/p>\n\n\n\n<p>IMPORTANTE: Una vez cumplimentado y enviado, recibir\u00e1s un correo electr\u00f3nico con la confirmaci\u00f3n de tu matr\u00edcula. Si no recibicieses dicho correo en un plazo de 24h, por favor contacta con nosotros en <a href=\"mailto:administracio@iescarlessalvador.com\">administracio@iescarlessalvador.com<\/a><\/p>\n\n\n\n\n<div class=\"wpcf7 no-js\" id=\"wpcf7-f909-o1\" lang=\"es-ES\" dir=\"ltr\" data-wpcf7-id=\"909\">\n<div class=\"screen-reader-response\"><p role=\"status\" aria-live=\"polite\" aria-atomic=\"true\"><\/p> <ul><\/ul><\/div>\n<form action=\"\/index.php?rest_route=%2Fwp%2Fv2%2Fpages%2F923#wpcf7-f909-o1\" method=\"post\" class=\"wpcf7-form init\" aria-label=\"Formulario de contacto\" novalidate=\"novalidate\" data-status=\"init\">\n<fieldset class=\"hidden-fields-container\"><input type=\"hidden\" name=\"_wpcf7\" value=\"909\" \/><input type=\"hidden\" name=\"_wpcf7_version\" value=\"6.1.5\" \/><input type=\"hidden\" name=\"_wpcf7_locale\" value=\"es_ES\" \/><input type=\"hidden\" name=\"_wpcf7_unit_tag\" value=\"wpcf7-f909-o1\" \/><input type=\"hidden\" name=\"_wpcf7_container_post\" value=\"0\" \/><input type=\"hidden\" name=\"_wpcf7_posted_data_hash\" value=\"\" \/>\n<\/fieldset>\n<h3>Dades de l'alumne\n<\/h3>\n<p class=\"custom-form-title\">Dades personals\n<\/p>\n<p><label> <span class=\"custom-form-caption\">Cognoms:<\/span> <span class=\"wpcf7-form-control-wrap\" data-name=\"cognoms\"><input size=\"40\" maxlength=\"400\" class=\"wpcf7-form-control wpcf7-text wpcf7-validates-as-required\" aria-required=\"true\" aria-invalid=\"false\" value=\"\" type=\"text\" name=\"cognoms\" \/><\/span><\/label><span class=\"custom-form-caption-required\">(obligatori)<\/span><br \/>\n<label> <span class=\"custom-form-caption\">Nom:<\/span> <span class=\"wpcf7-form-control-wrap\" data-name=\"nom\"><input size=\"40\" maxlength=\"400\" class=\"wpcf7-form-control wpcf7-text wpcf7-validates-as-required\" aria-required=\"true\" aria-invalid=\"false\" value=\"\" type=\"text\" name=\"nom\" \/><\/span><\/label><span class=\"custom-form-caption-required\">(obligatori)<\/span><br \/>\n<label> <span class=\"custom-form-caption\">DNI:<\/span> <span class=\"wpcf7-form-control-wrap\" data-name=\"DNI\"><input size=\"40\" maxlength=\"400\" class=\"wpcf7-form-control wpcf7-text wpcf7-validates-as-required\" aria-required=\"true\" aria-invalid=\"false\" value=\"\" type=\"text\" name=\"DNI\" \/><\/span><\/label><span class=\"custom-form-caption-required\">(obligatori)<\/span><br \/>\n<label> <span class=\"custom-form-caption\">Data de naixement: <\/span> <span class=\"wpcf7-form-control-wrap\" data-name=\"data-naixement\"><input class=\"wpcf7-form-control wpcf7-date wpcf7-validates-as-required wpcf7-validates-as-date\" aria-required=\"true\" aria-invalid=\"false\" value=\"\" type=\"date\" name=\"data-naixement\" \/><\/span><\/label><span class=\"custom-form-caption-required\">(obligatori)<\/span><br \/>\n<label> <span class=\"custom-form-caption\">Lloc de naixement: <\/span> <span class=\"wpcf7-form-control-wrap\" data-name=\"lloc-naixement\"><input size=\"40\" maxlength=\"400\" class=\"wpcf7-form-control wpcf7-text\" aria-invalid=\"false\" value=\"\" type=\"text\" name=\"lloc-naixement\" \/><\/span><\/label><br \/>\n<label> <span class=\"custom-form-caption\">Adre\u00e7a: <\/span> <span class=\"wpcf7-form-control-wrap\" data-name=\"adreca\"><input size=\"40\" maxlength=\"400\" class=\"wpcf7-form-control wpcf7-text wpcf7-validates-as-required\" aria-required=\"true\" aria-invalid=\"false\" value=\"\" type=\"text\" name=\"adreca\" \/><\/span><\/label><span class=\"custom-form-caption-required\">(obligatori)<\/span><br \/>\n<label> <span class=\"custom-form-caption\">Poblaci\u00f3: <\/span> <span class=\"wpcf7-form-control-wrap\" data-name=\"poblacio\"><input size=\"40\" maxlength=\"400\" class=\"wpcf7-form-control wpcf7-text wpcf7-validates-as-required\" aria-required=\"true\" aria-invalid=\"false\" value=\"\" type=\"text\" name=\"poblacio\" \/><\/span><\/label><span class=\"custom-form-caption-required\">(obligatori)<\/span><br \/>\n<label> <span class=\"custom-form-caption\">Codi Postal: <\/span> <span class=\"wpcf7-form-control-wrap\" data-name=\"cp\"><input size=\"40\" maxlength=\"400\" class=\"wpcf7-form-control wpcf7-text wpcf7-validates-as-required\" aria-required=\"true\" aria-invalid=\"false\" value=\"\" type=\"text\" name=\"cp\" \/><\/span><\/label><span class=\"custom-form-caption-required\">(obligatori)<\/span><br \/>\n<label> <span class=\"custom-form-caption\">Tel\u00e8fon: <\/span> <span class=\"wpcf7-form-control-wrap\" data-name=\"telefon\"><input size=\"40\" maxlength=\"400\" class=\"wpcf7-form-control wpcf7-text wpcf7-validates-as-required\" aria-required=\"true\" aria-invalid=\"false\" value=\"\" type=\"text\" name=\"telefon\" \/><\/span><\/label><span class=\"custom-form-caption-required\"> (obligatori)<\/span><br \/>\n<label> <span class=\"custom-form-caption\">M\u00f2bil: <\/span> <span class=\"wpcf7-form-control-wrap\" data-name=\"mobil\"><input size=\"40\" maxlength=\"400\" class=\"wpcf7-form-control wpcf7-text wpcf7-validates-as-required\" aria-required=\"true\" aria-invalid=\"false\" value=\"\" type=\"text\" name=\"mobil\" \/><\/span><\/label><span class=\"custom-form-caption-required\">(obligatori)<\/span><br \/>\n<label> <span class=\"custom-form-caption\">Email: <\/span> <span class=\"wpcf7-form-control-wrap\" data-name=\"email\"><input size=\"40\" maxlength=\"400\" class=\"wpcf7-form-control wpcf7-email wpcf7-validates-as-required wpcf7-text wpcf7-validates-as-email\" aria-required=\"true\" aria-invalid=\"false\" value=\"\" type=\"email\" name=\"email\" \/><\/span> <\/label><span class=\"custom-form-caption-required\">(obligatori)<\/span><br \/>\n<label><span class=\"custom-form-caption\"> Centre de proced\u00e8ncia:<\/span> <span class=\"wpcf7-form-control-wrap\" data-name=\"centre-procedencia\"><input size=\"40\" maxlength=\"400\" class=\"wpcf7-form-control wpcf7-text wpcf7-validates-as-required\" aria-required=\"true\" aria-invalid=\"false\" value=\"\" type=\"text\" name=\"centre-procedencia\" \/><\/span><\/label><span class=\"custom-form-caption-required\">(obligatori)<\/span><br \/>\n<label> <span class=\"custom-form-caption\">Localitat del Centre de proced\u00e8ncia:<\/span> <span class=\"wpcf7-form-control-wrap\" data-name=\"localitat-centre-procedencia\"><input size=\"40\" maxlength=\"400\" class=\"wpcf7-form-control wpcf7-text\" aria-invalid=\"false\" value=\"\" type=\"text\" name=\"localitat-centre-procedencia\" \/><\/span><\/label>\n<\/p>\n<p class=\"custom-form-title\">Dades del pare, mare o tutor\n<\/p>\n<p><label><span class=\"custom-form-caption-wide\">Cognoms i nom del pare o tutor:<\/span> <span class=\"wpcf7-form-control-wrap\" data-name=\"nom-pare\"><input size=\"40\" maxlength=\"400\" class=\"wpcf7-form-control wpcf7-text wpcf7-validates-as-required\" aria-required=\"true\" aria-invalid=\"false\" value=\"\" type=\"text\" name=\"nom-pare\" \/><\/span><\/label><br \/>\n<label><span class=\"custom-form-caption-wide\">Email del pare o tutor:<\/span> <span class=\"wpcf7-form-control-wrap\" data-name=\"email-pare-tutor\"><input size=\"40\" maxlength=\"400\" class=\"wpcf7-form-control wpcf7-email wpcf7-text wpcf7-validates-as-email\" aria-invalid=\"false\" value=\"\" type=\"email\" name=\"email-pare-tutor\" \/><\/span> <\/label><br \/>\n<label><span class=\"custom-form-caption-wide\">DNI del pare o tutor:<\/span> <span class=\"wpcf7-form-control-wrap\" data-name=\"DNI-pare\"><input size=\"40\" maxlength=\"400\" class=\"wpcf7-form-control wpcf7-text wpcf7-validates-as-required\" aria-required=\"true\" aria-invalid=\"false\" value=\"\" type=\"text\" name=\"DNI-pare\" \/><\/span><\/label><br \/>\n<label> <span class=\"custom-form-caption\">M\u00f2bil pare\/tutor: <\/span> <span class=\"wpcf7-form-control-wrap\" data-name=\"mobil-pare\"><input size=\"40\" maxlength=\"400\" class=\"wpcf7-form-control wpcf7-text wpcf7-validates-as-required\" aria-required=\"true\" aria-invalid=\"false\" value=\"\" type=\"text\" name=\"mobil-pare\" \/><\/span><\/label><br \/>\n<label><span class=\"custom-form-caption-wide\">Cognoms i nom de la mare o tutora:<\/span> <span class=\"wpcf7-form-control-wrap\" data-name=\"nom-mare\"><input size=\"40\" maxlength=\"400\" class=\"wpcf7-form-control wpcf7-text wpcf7-validates-as-required\" aria-required=\"true\" aria-invalid=\"false\" value=\"\" type=\"text\" name=\"nom-mare\" \/><\/span><\/label><br \/>\n<label><span class=\"custom-form-caption-wide\">Email de la mare o tutora:<\/span> <span class=\"wpcf7-form-control-wrap\" data-name=\"email-mare-tutora\"><input size=\"40\" maxlength=\"400\" class=\"wpcf7-form-control wpcf7-email wpcf7-text wpcf7-validates-as-email\" aria-invalid=\"false\" value=\"\" type=\"email\" name=\"email-mare-tutora\" \/><\/span> <\/label><br \/>\n<label><span class=\"custom-form-caption-wide\"> DNI de la mare o tutora:<\/span> <span class=\"wpcf7-form-control-wrap\" data-name=\"DNI-mare\"><input size=\"40\" maxlength=\"400\" class=\"wpcf7-form-control wpcf7-text wpcf7-validates-as-required\" aria-required=\"true\" aria-invalid=\"false\" value=\"\" type=\"text\" name=\"DNI-mare\" \/><\/span><\/label><br \/>\n<label> <span class=\"custom-form-caption\">M\u00f2bil mare\/tutora: <\/span> <span class=\"wpcf7-form-control-wrap\" data-name=\"mobil-mare\"><input size=\"40\" maxlength=\"400\" class=\"wpcf7-form-control wpcf7-text wpcf7-validates-as-required\" aria-required=\"true\" aria-invalid=\"false\" value=\"\" type=\"text\" name=\"mobil-mare\" \/><\/span><\/label>\n<\/p>\n<p class=\"custom-form-title\">AMPA\n<\/p>\n<p>Trie si vol pertanyer a l'AMPA.\n<\/p>\n<p><span class=\"wpcf7-form-control-wrap\" data-name=\"ampa\"><span class=\"wpcf7-form-control wpcf7-radio\"><span class=\"wpcf7-list-item first\"><label><input type=\"radio\" name=\"ampa\" value=\"S\u00ed\" checked=\"checked\" \/><span class=\"wpcf7-list-item-label\">S\u00ed<\/span><\/label><\/span><span class=\"wpcf7-list-item last\"><label><input type=\"radio\" name=\"ampa\" value=\"No\" \/><span class=\"wpcf7-list-item-label\">No<\/span><\/label><\/span><\/span><\/span>\n<\/p>\n<p class=\"custom-form-title\">Pol\u00edtica de Protecci\u00f3 de Dades\n<\/p>\n<p><span class=\"wpcf7-form-control-wrap\" data-name=\"proteccindedatos\"><span class=\"wpcf7-form-control wpcf7-acceptance\"><span class=\"wpcf7-list-item\"><label><input type=\"checkbox\" name=\"proteccindedatos\" value=\"1\" aria-invalid=\"false\" \/><span class=\"wpcf7-list-item-label\">He llegit i accepte la Pol\u00edtica de Protecci\u00f3 de Dades<\/span><\/label><\/span><\/span><\/span>\n<\/p>\n<p style=\"font-size:11px\">La finalidad del tratamiento de los datos para la que usted da su consentimiento ser\u00e1 la de gestionar su matr\u00edcula en el centro. Los datos proporcionados se conservar\u00e1n mientras no solicite el cese de la actividad y no se ceder\u00e1n a terceros, salvo obligaci\u00f3n legal. Ud. tiene derecho a acceder, rectificar y suprimir los datos, as\u00ed como otros derechos contactando con info@iescarlessalvador.es\n<\/p>\n<p><input class=\"wpcf7-form-control wpcf7-submit has-spinner form-submit\" type=\"submit\" value=\"Enviar formulari\" \/>\n<\/p><p style=\"display: none !important;\" class=\"akismet-fields-container\" data-prefix=\"_wpcf7_ak_\"><label>&#916;<textarea name=\"_wpcf7_ak_hp_textarea\" cols=\"45\" rows=\"8\" maxlength=\"100\"><\/textarea><\/label><input type=\"hidden\" id=\"ak_js_1\" name=\"_wpcf7_ak_js\" value=\"5\"\/><script type=\"text\/javascript\">\n\/* <![CDATA[ *\/\ndocument.getElementById( \"ak_js_1\" ).setAttribute( \"value\", ( new Date() ).getTime() );\n\/* ]]> *\/\n<\/script>\n<\/p><div class=\"wpcf7-response-output\" aria-hidden=\"true\"><\/div>\n<\/form>\n<\/div>\n\n","protected":false},"excerpt":{"rendered":"<p>Rellena el siguiente formulario para completar tu matr\u00edcula para el curso 2021\/22. IMPORTANTE: Una vez cumplimentado y enviado, recibir\u00e1s un correo electr\u00f3nico con la confirmaci\u00f3n de tu matr\u00edcula. Si no recibicieses dicho correo en un plazo de 24h, por favor contacta con nosotros en administracio@iescarlessalvador.com<\/p>\n","protected":false},"author":1,"featured_media":0,"parent":0,"menu_order":0,"comment_status":"closed","ping_status":"closed","template":"","meta":{"rop_custom_images_group":[],"rop_custom_messages_group":[],"rop_publish_now":"initial","rop_publish_now_accounts":[],"rop_publish_now_history":[],"rop_publish_now_status":"pending","neve_meta_sidebar":"full-width","neve_meta_container":"","neve_meta_enable_content_width":"on","neve_meta_content_width":100,"neve_meta_title_alignment":"","neve_meta_author_avatar":"","neve_post_elements_order":"","neve_meta_disable_header":"","neve_meta_disable_footer":"","neve_meta_disable_title":"","footnotes":""},"class_list":["post-923","page","type-page","status-publish","hentry"],"_links":{"self":[{"href":"https:\/\/www.iescarlessalvador.es\/index.php?rest_route=\/wp\/v2\/pages\/923","targetHints":{"allow":["GET"]}}],"collection":[{"href":"https:\/\/www.iescarlessalvador.es\/index.php?rest_route=\/wp\/v2\/pages"}],"about":[{"href":"https:\/\/www.iescarlessalvador.es\/index.php?rest_route=\/wp\/v2\/types\/page"}],"author":[{"embeddable":true,"href":"https:\/\/www.iescarlessalvador.es\/index.php?rest_route=\/wp\/v2\/users\/1"}],"replies":[{"embeddable":true,"href":"https:\/\/www.iescarlessalvador.es\/index.php?rest_route=%2Fwp%2Fv2%2Fcomments&post=923"}],"version-history":[{"count":2,"href":"https:\/\/www.iescarlessalvador.es\/index.php?rest_route=\/wp\/v2\/pages\/923\/revisions"}],"predecessor-version":[{"id":2084,"href":"https:\/\/www.iescarlessalvador.es\/index.php?rest_route=\/wp\/v2\/pages\/923\/revisions\/2084"}],"wp:attachment":[{"href":"https:\/\/www.iescarlessalvador.es\/index.php?rest_route=%2Fwp%2Fv2%2Fmedia&parent=923"}],"curies":[{"name":"wp","href":"https:\/\/api.w.org\/{rel}","templated":true}]}}